{"id":8084,"date":"2025-09-17T18:46:12","date_gmt":"2025-09-17T23:46:12","guid":{"rendered":"https:\/\/observatoriosaludcauca.gov.co\/?page_id=8084"},"modified":"2025-10-05T17:55:32","modified_gmt":"2025-10-05T22:55:32","slug":"etv_malaria_normativa","status":"publish","type":"page","link":"https:\/\/observatoriosaludcauca.gov.co\/index.php\/etv_malaria_normativa\/","title":{"rendered":"ETV_MALARIA_NORMATIVA"},"content":{"rendered":"\t\t<div data-elementor-type=\"wp-page\" data-elementor-id=\"8084\" class=\"elementor elementor-8084\">\n\t\t\t\t<div class=\"elementor-element elementor-element-91dd284 e-flex e-con-boxed e-con e-parent\" data-id=\"91dd284\" data-element_type=\"container\">\n\t\t\t\t\t<div class=\"e-con-inner\">\n\t\t\t\t<div class=\"elementor-element elementor-element-3a7a41d elementor-widget elementor-widget-heading\" data-id=\"3a7a41d\" data-element_type=\"widget\" data-widget_type=\"heading.default\">\n\t\t\t\t<div class=\"elementor-widget-container\">\n\t\t\t\t\t<p class=\"elementor-heading-title elementor-size-default\"><a href=\"https:\/\/observatoriosaludcauca.gov.co\/index.php\/etv_malaria\/\">COMPONENTE\/ETV\/MALARIA<\/a><\/p>\t\t\t\t<\/div>\n\t\t\t\t<\/div>\n\t\t\t\t\t<\/div>\n\t\t\t\t<\/div>\n\t\t<div class=\"elementor-element elementor-element-093a324 e-flex e-con-boxed e-con e-parent\" data-id=\"093a324\" data-element_type=\"container\">\n\t\t\t\t\t<div class=\"e-con-inner\">\n\t\t\t\t<div class=\"elementor-element elementor-element-d1aa5aa elementor-widget elementor-widget-heading\" data-id=\"d1aa5aa\" data-element_type=\"widget\" data-widget_type=\"heading.default\">\n\t\t\t\t<div class=\"elementor-widget-container\">\n\t\t\t\t\t<h2 class=\"elementor-heading-title elementor-size-default\">NORMATIVA<\/h2>\t\t\t\t<\/div>\n\t\t\t\t<\/div>\n\t\t\t\t\t<\/div>\n\t\t\t\t<\/div>\n\t\t<div class=\"elementor-element elementor-element-7c14894 e-grid e-con-boxed e-con e-parent\" data-id=\"7c14894\" data-element_type=\"container\">\n\t\t\t\t\t<div class=\"e-con-inner\">\n\t\t\t\t<div class=\"elementor-element elementor-element-2d65aab elementor-widget elementor-widget-n-accordion\" data-id=\"2d65aab\" data-element_type=\"widget\" data-settings=\"{&quot;default_state&quot;:&quot;expanded&quot;,&quot;max_items_expended&quot;:&quot;one&quot;,&quot;n_accordion_animation_duration&quot;:{&quot;unit&quot;:&quot;ms&quot;,&quot;size&quot;:400,&quot;sizes&quot;:[]}}\" data-widget_type=\"nested-accordion.default\">\n\t\t\t\t<div class=\"elementor-widget-container\">\n\t\t\t\t\t\t\t<div class=\"e-n-accordion\" aria-label=\"Accordion. Open links with Enter or Space, close with Escape, and navigate with Arrow Keys\">\n\t\t\t\t\t\t<details id=\"e-n-accordion-item-4760\" class=\"e-n-accordion-item\" open>\n\t\t\t\t<summary class=\"e-n-accordion-item-title\" data-accordion-index=\"1\" tabindex=\"0\" aria-expanded=\"true\" aria-controls=\"e-n-accordion-item-4760\" >\n\t\t\t\t\t<span class='e-n-accordion-item-title-header'><div class=\"e-n-accordion-item-title-text\"> Gu\u00eda de pr\u00e1ctica cl\u00ednica <\/div><\/span>\n\t\t\t\t\t\t\t<span class='e-n-accordion-item-title-icon'>\n\t\t\t<span class='e-opened' ><svg aria-hidden=\"true\" class=\"e-font-icon-svg e-fas-minus\" viewBox=\"0 0 448 512\" xmlns=\"http:\/\/www.w3.org\/2000\/svg\"><path d=\"M416 208H32c-17.67 0-32 14.33-32 32v32c0 17.67 14.33 32 32 32h384c17.67 0 32-14.33 32-32v-32c0-17.67-14.33-32-32-32z\"><\/path><\/svg><\/span>\n\t\t\t<span class='e-closed'><svg aria-hidden=\"true\" class=\"e-font-icon-svg e-fas-plus\" viewBox=\"0 0 448 512\" xmlns=\"http:\/\/www.w3.org\/2000\/svg\"><path d=\"M416 208H272V64c0-17.67-14.33-32-32-32h-32c-17.67 0-32 14.33-32 32v144H32c-17.67 0-32 14.33-32 32v32c0 17.67 14.33 32 32 32h144v144c0 17.67 14.33 32 32 32h32c17.67 0 32-14.33 32-32V304h144c17.67 0 32-14.33 32-32v-32c0-17.67-14.33-32-32-32z\"><\/path><\/svg><\/span>\n\t\t<\/span>\n\n\t\t\t\t\t\t<\/summary>\n\t\t\t\t<div role=\"region\" aria-labelledby=\"e-n-accordion-item-4760\" class=\"elementor-element elementor-element-79620a5 e-con-full e-flex e-con e-child\" data-id=\"79620a5\" data-element_type=\"container\">\n\t\t<div role=\"region\" aria-labelledby=\"e-n-accordion-item-4760\" class=\"elementor-element elementor-element-ce53273 e-con-full e-flex e-con e-child\" data-id=\"ce53273\" data-element_type=\"container\">\n\t\t<div role=\"region\" aria-labelledby=\"e-n-accordion-item-4760\" class=\"elementor-element elementor-element-3b478d1 e-con-full e-flex e-con e-child\" data-id=\"3b478d1\" data-element_type=\"container\">\n\t\t\t\t<div class=\"elementor-element elementor-element-65215d2 elementor-widget elementor-widget-image\" data-id=\"65215d2\" data-element_type=\"widget\" data-widget_type=\"image.default\">\n\t\t\t\t<div class=\"elementor-widget-container\">\n\t\t\t\t\t\t\t\t\t\t\t\t\t\t\t<img decoding=\"async\" width=\"126\" height=\"126\" src=\"https:\/\/observatoriosaludcauca.gov.co\/wp-content\/uploads\/2025\/09\/ICONOS-COMPLEMENTARIOS-png-07.png\" class=\"attachment-medium size-medium wp-image-7869\" alt=\"\" \/>\t\t\t\t\t\t\t\t\t\t\t\t\t\t\t<\/div>\n\t\t\t\t<\/div>\n\t\t\t\t<\/div>\n\t\t<div role=\"region\" aria-labelledby=\"e-n-accordion-item-4760\" class=\"elementor-element elementor-element-7cf3264 e-con-full e-flex e-con e-child\" data-id=\"7cf3264\" data-element_type=\"container\">\n\t\t\t\t<div class=\"elementor-element elementor-element-b350635 elementor-widget__width-inherit elementor-widget elementor-widget-text-editor\" data-id=\"b350635\" data-element_type=\"widget\" data-widget_type=\"text-editor.default\">\n\t\t\t\t<div class=\"elementor-widget-container\">\n\t\t\t\t\t\t\t\t\t<p>Gu\u00eda de Pr\u00e1ctica Cl\u00ednica Diagn\u00f3stico y tratamiento de la malaria. Gu\u00eda Cl\u00ednica 2022.<\/p>\t\t\t\t\t\t\t\t<\/div>\n\t\t\t\t<\/div>\n\t\t\t\t<\/div>\n\t\t<div role=\"region\" aria-labelledby=\"e-n-accordion-item-4760\" class=\"elementor-element elementor-element-e9f4184 e-con-full e-flex e-con e-child\" data-id=\"e9f4184\" data-element_type=\"container\">\n\t\t\t\t<div class=\"elementor-element elementor-element-eadf676 elementor-widget__width-initial elementor-widget-tablet__width-initial elementor-widget elementor-widget-text-editor\" data-id=\"eadf676\" data-element_type=\"widget\" data-widget_type=\"text-editor.default\">\n\t\t\t\t<div class=\"elementor-widget-container\">\n\t\t\t\t\t\t\t\t\t<p>Gu\u00eda atenci\u00f3n cl\u00ednica para Malaria_Ministerio de Salud y la Protecci\u00f3n Social_2022<\/p>\t\t\t\t\t\t\t\t<\/div>\n\t\t\t\t<\/div>\n\t\t\t\t<\/div>\n\t\t<div role=\"region\" aria-labelledby=\"e-n-accordion-item-4760\" class=\"elementor-element elementor-element-86faf90 e-con-full e-flex e-con e-child\" data-id=\"86faf90\" data-element_type=\"container\">\n\t\t\t\t<div class=\"elementor-element elementor-element-9b8357e elementor-align-center elementor-widget elementor-widget-button\" data-id=\"9b8357e\" data-element_type=\"widget\" data-widget_type=\"button.default\">\n\t\t\t\t<div class=\"elementor-widget-container\">\n\t\t\t\t\t\t\t\t\t<div class=\"elementor-button-wrapper\">\n\t\t\t\t\t<a class=\"elementor-button elementor-button-link elementor-size-sm\" href=\"https:\/\/observatoriosaludcauca.gov.co\/wp-content\/uploads\/2025\/10\/1.Guia-atencion-clinica-malaria_MSPS_2022.pdf\" target=\"_blank\">\n\t\t\t\t\t\t<span class=\"elementor-button-content-wrapper\">\n\t\t\t\t\t\t\t\t\t<span class=\"elementor-button-text\">VER<\/span>\n\t\t\t\t\t<\/span>\n\t\t\t\t\t<\/a>\n\t\t\t\t<\/div>\n\t\t\t\t\t\t\t\t<\/div>\n\t\t\t\t<\/div>\n\t\t\t\t<\/div>\n\t\t\t\t<\/div>\n\t\t\t\t<\/div>\n\t\t\t\t\t<\/details>\n\t\t\t\t\t\t<details id=\"e-n-accordion-item-4761\" class=\"e-n-accordion-item\" >\n\t\t\t\t<summary class=\"e-n-accordion-item-title\" data-accordion-index=\"2\" tabindex=\"-1\" aria-expanded=\"false\" aria-controls=\"e-n-accordion-item-4761\" >\n\t\t\t\t\t<span class='e-n-accordion-item-title-header'><div class=\"e-n-accordion-item-title-text\"> Protocolo Vigilancia en Salud P\u00fablica <\/div><\/span>\n\t\t\t\t\t\t\t<span class='e-n-accordion-item-title-icon'>\n\t\t\t<span class='e-opened' ><svg aria-hidden=\"true\" class=\"e-font-icon-svg e-fas-minus\" viewBox=\"0 0 448 512\" xmlns=\"http:\/\/www.w3.org\/2000\/svg\"><path d=\"M416 208H32c-17.67 0-32 14.33-32 32v32c0 17.67 14.33 32 32 32h384c17.67 0 32-14.33 32-32v-32c0-17.67-14.33-32-32-32z\"><\/path><\/svg><\/span>\n\t\t\t<span class='e-closed'><svg aria-hidden=\"true\" class=\"e-font-icon-svg e-fas-plus\" viewBox=\"0 0 448 512\" xmlns=\"http:\/\/www.w3.org\/2000\/svg\"><path d=\"M416 208H272V64c0-17.67-14.33-32-32-32h-32c-17.67 0-32 14.33-32 32v144H32c-17.67 0-32 14.33-32 32v32c0 17.67 14.33 32 32 32h144v144c0 17.67 14.33 32 32 32h32c17.67 0 32-14.33 32-32V304h144c17.67 0 32-14.33 32-32v-32c0-17.67-14.33-32-32-32z\"><\/path><\/svg><\/span>\n\t\t<\/span>\n\n\t\t\t\t\t\t<\/summary>\n\t\t\t\t<div role=\"region\" aria-labelledby=\"e-n-accordion-item-4761\" class=\"elementor-element elementor-element-98e1ed0 e-flex e-con-boxed e-con e-child\" data-id=\"98e1ed0\" data-element_type=\"container\">\n\t\t\t\t\t<div class=\"e-con-inner\">\n\t\t<div role=\"region\" aria-labelledby=\"e-n-accordion-item-4761\" class=\"elementor-element elementor-element-680768d e-con-full e-flex e-con e-child\" data-id=\"680768d\" data-element_type=\"container\">\n\t\t<div role=\"region\" aria-labelledby=\"e-n-accordion-item-4761\" class=\"elementor-element elementor-element-5f51235 e-con-full e-flex e-con e-child\" data-id=\"5f51235\" data-element_type=\"container\">\n\t\t\t\t<div class=\"elementor-element elementor-element-1419f44 elementor-widget elementor-widget-image\" data-id=\"1419f44\" data-element_type=\"widget\" data-widget_type=\"image.default\">\n\t\t\t\t<div class=\"elementor-widget-container\">\n\t\t\t\t\t\t\t\t\t\t\t\t\t\t\t<img decoding=\"async\" width=\"126\" height=\"126\" src=\"https:\/\/observatoriosaludcauca.gov.co\/wp-content\/uploads\/2025\/09\/ICONOS-COMPLEMENTARIOS-png-13.png\" class=\"attachment-medium size-medium wp-image-7875\" alt=\"\" \/>\t\t\t\t\t\t\t\t\t\t\t\t\t\t\t<\/div>\n\t\t\t\t<\/div>\n\t\t\t\t<\/div>\n\t\t<div role=\"region\" aria-labelledby=\"e-n-accordion-item-4761\" class=\"elementor-element elementor-element-0e8a188 e-con-full e-flex e-con e-child\" data-id=\"0e8a188\" data-element_type=\"container\">\n\t\t\t\t<div class=\"elementor-element elementor-element-98f24d0 elementor-widget__width-inherit elementor-widget elementor-widget-text-editor\" data-id=\"98f24d0\" data-element_type=\"widget\" data-widget_type=\"text-editor.default\">\n\t\t\t\t<div class=\"elementor-widget-container\">\n\t\t\t\t\t\t\t\t\t<p>Protocolo Vigilancia en Salud P\u00fablica a Malaria<\/p>\t\t\t\t\t\t\t\t<\/div>\n\t\t\t\t<\/div>\n\t\t\t\t<\/div>\n\t\t<div role=\"region\" aria-labelledby=\"e-n-accordion-item-4761\" class=\"elementor-element elementor-element-fa64f4d e-con-full e-flex e-con e-child\" data-id=\"fa64f4d\" data-element_type=\"container\">\n\t\t\t\t<div class=\"elementor-element elementor-element-3819fab elementor-widget__width-initial elementor-widget-tablet__width-initial elementor-widget elementor-widget-text-editor\" data-id=\"3819fab\" data-element_type=\"widget\" data-widget_type=\"text-editor.default\">\n\t\t\t\t<div class=\"elementor-widget-container\">\n\t\t\t\t\t\t\t\t\t<p>Realizar el seguimiento continuo y sistem\u00e1tico de los casos de malaria de acuerdo con los procesos establecidos para la notificaci\u00f3n, recolecci\u00f3n y an\u00e1lisis de los datos, que permita generar informaci\u00f3n oportuna, v\u00e1lida y confiable para orientar medidas de prevenci\u00f3n y control del evento.<\/p>\t\t\t\t\t\t\t\t<\/div>\n\t\t\t\t<\/div>\n\t\t\t\t<\/div>\n\t\t<div role=\"region\" aria-labelledby=\"e-n-accordion-item-4761\" class=\"elementor-element elementor-element-5d811f3 e-con-full e-flex e-con e-child\" data-id=\"5d811f3\" data-element_type=\"container\">\n\t\t\t\t<div class=\"elementor-element elementor-element-3c0762b elementor-align-center elementor-widget elementor-widget-button\" data-id=\"3c0762b\" data-element_type=\"widget\" data-widget_type=\"button.default\">\n\t\t\t\t<div class=\"elementor-widget-container\">\n\t\t\t\t\t\t\t\t\t<div class=\"elementor-button-wrapper\">\n\t\t\t\t\t<a class=\"elementor-button elementor-button-link elementor-size-sm\" href=\"https:\/\/www.ins.gov.co\/buscador-eventos\/Paginas\/Fichas-y-Protocolos.aspx#InplviewHash53b394d9-1b59-4486-827a-d52877de1891=Paged%3DTRUE-p_GroupCol1%3DInfecciones%2520Asociadas%2520a%2520la%2520Atenci%25c3%25b3n%2520en%2520Salud%2520%252d%2520Infecciones%2520Asociadas%2520a%2520Dispositivos-PageFirstRow%3D31-WebPartID%3D%7B53B394D9--1B59--4486--827A--D52877DE1891%7D\" target=\"_blank\">\n\t\t\t\t\t\t<span class=\"elementor-button-content-wrapper\">\n\t\t\t\t\t\t\t\t\t<span class=\"elementor-button-text\">VER<\/span>\n\t\t\t\t\t<\/span>\n\t\t\t\t\t<\/a>\n\t\t\t\t<\/div>\n\t\t\t\t\t\t\t\t<\/div>\n\t\t\t\t<\/div>\n\t\t\t\t<\/div>\n\t\t\t\t<\/div>\n\t\t\t\t\t<\/div>\n\t\t\t\t<\/div>\n\t\t\t\t\t<\/details>\n\t\t\t\t\t\t<details id=\"e-n-accordion-item-4762\" class=\"e-n-accordion-item\" >\n\t\t\t\t<summary class=\"e-n-accordion-item-title\" data-accordion-index=\"3\" tabindex=\"-1\" aria-expanded=\"false\" aria-controls=\"e-n-accordion-item-4762\" >\n\t\t\t\t\t<span class='e-n-accordion-item-title-header'><div class=\"e-n-accordion-item-title-text\"> Lineamientos de vigilancia en salud p\u00fablica <\/div><\/span>\n\t\t\t\t\t\t\t<span class='e-n-accordion-item-title-icon'>\n\t\t\t<span class='e-opened' ><svg aria-hidden=\"true\" class=\"e-font-icon-svg e-fas-minus\" viewBox=\"0 0 448 512\" xmlns=\"http:\/\/www.w3.org\/2000\/svg\"><path d=\"M416 208H32c-17.67 0-32 14.33-32 32v32c0 17.67 14.33 32 32 32h384c17.67 0 32-14.33 32-32v-32c0-17.67-14.33-32-32-32z\"><\/path><\/svg><\/span>\n\t\t\t<span class='e-closed'><svg aria-hidden=\"true\" class=\"e-font-icon-svg e-fas-plus\" viewBox=\"0 0 448 512\" xmlns=\"http:\/\/www.w3.org\/2000\/svg\"><path d=\"M416 208H272V64c0-17.67-14.33-32-32-32h-32c-17.67 0-32 14.33-32 32v144H32c-17.67 0-32 14.33-32 32v32c0 17.67 14.33 32 32 32h144v144c0 17.67 14.33 32 32 32h32c17.67 0 32-14.33 32-32V304h144c17.67 0 32-14.33 32-32v-32c0-17.67-14.33-32-32-32z\"><\/path><\/svg><\/span>\n\t\t<\/span>\n\n\t\t\t\t\t\t<\/summary>\n\t\t\t\t<div role=\"region\" aria-labelledby=\"e-n-accordion-item-4762\" class=\"elementor-element elementor-element-3685f4a e-con-full e-flex e-con e-child\" data-id=\"3685f4a\" data-element_type=\"container\">\n\t\t<div role=\"region\" aria-labelledby=\"e-n-accordion-item-4762\" class=\"elementor-element elementor-element-d489b5b e-con-full e-flex e-con e-child\" data-id=\"d489b5b\" data-element_type=\"container\">\n\t\t<div role=\"region\" aria-labelledby=\"e-n-accordion-item-4762\" class=\"elementor-element elementor-element-0da011d e-con-full e-flex e-con e-child\" data-id=\"0da011d\" data-element_type=\"container\">\n\t\t\t\t<div class=\"elementor-element elementor-element-af29b0e elementor-widget elementor-widget-image\" data-id=\"af29b0e\" data-element_type=\"widget\" data-widget_type=\"image.default\">\n\t\t\t\t<div class=\"elementor-widget-container\">\n\t\t\t\t\t\t\t\t\t\t\t\t\t\t\t<img decoding=\"async\" width=\"126\" height=\"126\" src=\"https:\/\/observatoriosaludcauca.gov.co\/wp-content\/uploads\/2025\/09\/ICONOS-COMPLEMENTARIOS-png-09.png\" class=\"attachment-medium size-medium wp-image-7871\" alt=\"\" \/>\t\t\t\t\t\t\t\t\t\t\t\t\t\t\t<\/div>\n\t\t\t\t<\/div>\n\t\t\t\t<\/div>\n\t\t<div role=\"region\" aria-labelledby=\"e-n-accordion-item-4762\" class=\"elementor-element elementor-element-fc7a48b e-con-full e-flex e-con e-child\" data-id=\"fc7a48b\" data-element_type=\"container\">\n\t\t\t\t<div class=\"elementor-element elementor-element-a59ce9e elementor-widget__width-inherit elementor-widget elementor-widget-text-editor\" data-id=\"a59ce9e\" data-element_type=\"widget\" data-widget_type=\"text-editor.default\">\n\t\t\t\t<div class=\"elementor-widget-container\">\n\t\t\t\t\t\t\t\t\t<p>Lineamientos de vigilancia en salud p\u00fablica en el marco de la estrategia de eliminaci\u00f3n de la Malaria. Versi\u00f3n 01.<\/p>\t\t\t\t\t\t\t\t<\/div>\n\t\t\t\t<\/div>\n\t\t\t\t<\/div>\n\t\t<div role=\"region\" aria-labelledby=\"e-n-accordion-item-4762\" class=\"elementor-element elementor-element-88306df e-con-full e-flex e-con e-child\" data-id=\"88306df\" data-element_type=\"container\">\n\t\t\t\t<div class=\"elementor-element elementor-element-9a34202 elementor-widget__width-initial elementor-widget-tablet__width-initial elementor-widget elementor-widget-text-editor\" data-id=\"9a34202\" data-element_type=\"widget\" data-widget_type=\"text-editor.default\">\n\t\t\t\t<div class=\"elementor-widget-container\">\n\t\t\t\t\t\t\t\t\t<p>El objetivo del documento es ampliar las herramientas t\u00e9cnicas y conceptuales para la vigilancia de la malaria en un escenario de eliminaci\u00f3n, con enfoque integral e interdisciplinario.<\/p>\t\t\t\t\t\t\t\t<\/div>\n\t\t\t\t<\/div>\n\t\t\t\t<\/div>\n\t\t<div role=\"region\" aria-labelledby=\"e-n-accordion-item-4762\" class=\"elementor-element elementor-element-30231e4 e-con-full e-flex e-con e-child\" data-id=\"30231e4\" data-element_type=\"container\">\n\t\t\t\t<div class=\"elementor-element elementor-element-c0643cd elementor-align-center elementor-widget elementor-widget-button\" data-id=\"c0643cd\" data-element_type=\"widget\" data-widget_type=\"button.default\">\n\t\t\t\t<div class=\"elementor-widget-container\">\n\t\t\t\t\t\t\t\t\t<div class=\"elementor-button-wrapper\">\n\t\t\t\t\t<a class=\"elementor-button elementor-button-link elementor-size-sm\" href=\"https:\/\/www.ins.gov.co\/buscador-eventos\/Paginas\/Fichas-y-Protocolos.aspx#InplviewHash53b394d9-1b59-4486-827a-d52877de1891=Paged%3DTRUE-p_GroupCol1%3DInfecciones%2520Asociadas%2520a%2520la%2520Atenci%25c3%25b3n%2520en%2520Salud%2520%252d%2520Infecciones%2520Asociadas%2520a%2520Dispositivos-PageFirstRow%3D31-WebPartID%3D%7B53B394D9--1B59--4486--827A--D52877DE1891%7D\" target=\"_blank\">\n\t\t\t\t\t\t<span class=\"elementor-button-content-wrapper\">\n\t\t\t\t\t\t\t\t\t<span class=\"elementor-button-text\">VER<\/span>\n\t\t\t\t\t<\/span>\n\t\t\t\t\t<\/a>\n\t\t\t\t<\/div>\n\t\t\t\t\t\t\t\t<\/div>\n\t\t\t\t<\/div>\n\t\t\t\t<\/div>\n\t\t\t\t<\/div>\n\t\t\t\t<\/div>\n\t\t\t\t\t<\/details>\n\t\t\t\t\t<\/div>\n\t\t\t\t\t\t<\/div>\n\t\t\t\t<\/div>\n\t\t\t\t\t<\/div>\n\t\t\t\t<\/div>\n\t\t\t\t<\/div>\n\t\t","protected":false},"excerpt":{"rendered":"<p>COMPONENTE\/ETV\/MALARIA NORMATIVA Gu\u00eda de pr\u00e1ctica cl\u00ednica Gu\u00eda de Pr\u00e1ctica Cl\u00ednica Diagn\u00f3stico y tratamiento de la malaria. Gu\u00eda Cl\u00ednica 2022. Gu\u00eda&#8230;<\/p>\n","protected":false},"author":3,"featured_media":0,"parent":0,"menu_order":0,"comment_status":"closed","ping_status":"closed","template":"","meta":{"footnotes":""},"class_list":["post-8084","page","type-page","status-publish","hentry"],"_links":{"self":[{"href":"https:\/\/observatoriosaludcauca.gov.co\/index.php\/wp-json\/wp\/v2\/pages\/8084","targetHints":{"allow":["GET"]}}],"collection":[{"href":"https:\/\/observatoriosaludcauca.gov.co\/index.php\/wp-json\/wp\/v2\/pages"}],"about":[{"href":"https:\/\/observatoriosaludcauca.gov.co\/index.php\/wp-json\/wp\/v2\/types\/page"}],"author":[{"embeddable":true,"href":"https:\/\/observatoriosaludcauca.gov.co\/index.php\/wp-json\/wp\/v2\/users\/3"}],"replies":[{"embeddable":true,"href":"https:\/\/observatoriosaludcauca.gov.co\/index.php\/wp-json\/wp\/v2\/comments?post=8084"}],"version-history":[{"count":19,"href":"https:\/\/observatoriosaludcauca.gov.co\/index.php\/wp-json\/wp\/v2\/pages\/8084\/revisions"}],"predecessor-version":[{"id":8450,"href":"https:\/\/observatoriosaludcauca.gov.co\/index.php\/wp-json\/wp\/v2\/pages\/8084\/revisions\/8450"}],"wp:attachment":[{"href":"https:\/\/observatoriosaludcauca.gov.co\/index.php\/wp-json\/wp\/v2\/media?parent=8084"}],"curies":[{"name":"wp","href":"https:\/\/api.w.org\/{rel}","templated":true}]}}