{"id":8068,"date":"2025-09-17T18:40:50","date_gmt":"2025-09-17T23:40:50","guid":{"rendered":"https:\/\/observatoriosaludcauca.gov.co\/?page_id=8068"},"modified":"2025-10-24T10:32:35","modified_gmt":"2025-10-24T15:32:35","slug":"etv_fiebre_amarilla_circulares","status":"publish","type":"page","link":"https:\/\/observatoriosaludcauca.gov.co\/index.php\/etv_fiebre_amarilla_circulares\/","title":{"rendered":"ETV_FIEBRE_AMARILLA_CIRCULARES"},"content":{"rendered":"\t\t<div data-elementor-type=\"wp-page\" data-elementor-id=\"8068\" class=\"elementor elementor-8068\">\n\t\t\t\t<div class=\"elementor-element elementor-element-c7f9bb3 e-flex e-con-boxed e-con e-parent\" data-id=\"c7f9bb3\" data-element_type=\"container\">\n\t\t\t\t\t<div class=\"e-con-inner\">\n\t\t\t\t<div class=\"elementor-element elementor-element-a4cb52d elementor-widget elementor-widget-heading\" data-id=\"a4cb52d\" data-element_type=\"widget\" data-widget_type=\"heading.default\">\n\t\t\t\t<div class=\"elementor-widget-container\">\n\t\t\t\t\t<p class=\"elementor-heading-title elementor-size-default\"><a href=\"https:\/\/observatoriosaludcauca.gov.co\/index.php\/etv_fiebre_amarilla\/\">COMPONENTE\/ETV\/FIEBRE AMARILLA<\/a><\/p>\t\t\t\t<\/div>\n\t\t\t\t<\/div>\n\t\t\t\t\t<\/div>\n\t\t\t\t<\/div>\n\t\t<div class=\"elementor-element elementor-element-72b5c08 e-con-full e-flex e-con e-parent\" data-id=\"72b5c08\" data-element_type=\"container\">\n\t\t\t\t<div class=\"elementor-element elementor-element-0932797 elementor-widget elementor-widget-heading\" data-id=\"0932797\" data-element_type=\"widget\" data-widget_type=\"heading.default\">\n\t\t\t\t<div class=\"elementor-widget-container\">\n\t\t\t\t\t<h2 class=\"elementor-heading-title elementor-size-default\">CIRCULARES<\/h2>\t\t\t\t<\/div>\n\t\t\t\t<\/div>\n\t\t\t\t<\/div>\n\t\t<div class=\"elementor-element elementor-element-42f0d75 e-grid e-con-boxed e-con e-parent\" data-id=\"42f0d75\" data-element_type=\"container\">\n\t\t\t\t\t<div class=\"e-con-inner\">\n\t\t\t\t<div class=\"elementor-element elementor-element-40d93bc elementor-widget elementor-widget-n-accordion\" data-id=\"40d93bc\" data-element_type=\"widget\" data-settings=\"{&quot;default_state&quot;:&quot;expanded&quot;,&quot;max_items_expended&quot;:&quot;one&quot;,&quot;n_accordion_animation_duration&quot;:{&quot;unit&quot;:&quot;ms&quot;,&quot;size&quot;:400,&quot;sizes&quot;:[]}}\" data-widget_type=\"nested-accordion.default\">\n\t\t\t\t<div class=\"elementor-widget-container\">\n\t\t\t\t\t\t\t<div class=\"e-n-accordion\" aria-label=\"Accordion. Open links with Enter or Space, close with Escape, and navigate with Arrow Keys\">\n\t\t\t\t\t\t<details id=\"e-n-accordion-item-6790\" class=\"e-n-accordion-item\" open>\n\t\t\t\t<summary class=\"e-n-accordion-item-title\" data-accordion-index=\"1\" tabindex=\"0\" aria-expanded=\"true\" aria-controls=\"e-n-accordion-item-6790\" >\n\t\t\t\t\t<span class='e-n-accordion-item-title-header'><div class=\"e-n-accordion-item-title-text\"> 2025 <\/div><\/span>\n\t\t\t\t\t\t\t<span class='e-n-accordion-item-title-icon'>\n\t\t\t<span class='e-opened' ><svg aria-hidden=\"true\" class=\"e-font-icon-svg e-fas-minus\" viewBox=\"0 0 448 512\" xmlns=\"http:\/\/www.w3.org\/2000\/svg\"><path d=\"M416 208H32c-17.67 0-32 14.33-32 32v32c0 17.67 14.33 32 32 32h384c17.67 0 32-14.33 32-32v-32c0-17.67-14.33-32-32-32z\"><\/path><\/svg><\/span>\n\t\t\t<span class='e-closed'><svg aria-hidden=\"true\" class=\"e-font-icon-svg e-fas-plus\" viewBox=\"0 0 448 512\" xmlns=\"http:\/\/www.w3.org\/2000\/svg\"><path d=\"M416 208H272V64c0-17.67-14.33-32-32-32h-32c-17.67 0-32 14.33-32 32v144H32c-17.67 0-32 14.33-32 32v32c0 17.67 14.33 32 32 32h144v144c0 17.67 14.33 32 32 32h32c17.67 0 32-14.33 32-32V304h144c17.67 0 32-14.33 32-32v-32c0-17.67-14.33-32-32-32z\"><\/path><\/svg><\/span>\n\t\t<\/span>\n\n\t\t\t\t\t\t<\/summary>\n\t\t\t\t<div role=\"region\" aria-labelledby=\"e-n-accordion-item-6790\" class=\"elementor-element elementor-element-2a51c85 e-con-full e-flex e-con e-child\" data-id=\"2a51c85\" data-element_type=\"container\">\n\t\t<div role=\"region\" aria-labelledby=\"e-n-accordion-item-6790\" class=\"elementor-element elementor-element-69f699e e-con-full e-flex e-con e-child\" data-id=\"69f699e\" data-element_type=\"container\">\n\t\t<div role=\"region\" aria-labelledby=\"e-n-accordion-item-6790\" class=\"elementor-element elementor-element-bbc604c e-con-full e-flex e-con e-child\" data-id=\"bbc604c\" data-element_type=\"container\">\n\t\t\t\t<div class=\"elementor-element elementor-element-21586de elementor-widget elementor-widget-image\" data-id=\"21586de\" data-element_type=\"widget\" data-widget_type=\"image.default\">\n\t\t\t\t<div class=\"elementor-widget-container\">\n\t\t\t\t\t\t\t\t\t\t\t\t\t\t\t<img decoding=\"async\" width=\"126\" height=\"126\" src=\"https:\/\/observatoriosaludcauca.gov.co\/wp-content\/uploads\/2025\/10\/ICONOS-COMPLEMENTARIOS-png-04.png\" class=\"attachment-medium size-medium wp-image-8465\" alt=\"\" \/>\t\t\t\t\t\t\t\t\t\t\t\t\t\t\t<\/div>\n\t\t\t\t<\/div>\n\t\t\t\t<\/div>\n\t\t<div role=\"region\" aria-labelledby=\"e-n-accordion-item-6790\" class=\"elementor-element elementor-element-dc26ce8 e-con-full e-flex e-con e-child\" data-id=\"dc26ce8\" data-element_type=\"container\">\n\t\t\t\t<div class=\"elementor-element elementor-element-16fe4fd elementor-widget__width-inherit elementor-widget elementor-widget-text-editor\" data-id=\"16fe4fd\" data-element_type=\"widget\" data-widget_type=\"text-editor.default\">\n\t\t\t\t<div class=\"elementor-widget-container\">\n\t\t\t\t\t\t\t\t\t<p>Circular 176_05 de mayo de 2025<\/p>\t\t\t\t\t\t\t\t<\/div>\n\t\t\t\t<\/div>\n\t\t\t\t<\/div>\n\t\t<div role=\"region\" aria-labelledby=\"e-n-accordion-item-6790\" class=\"elementor-element elementor-element-33ebd9f e-con-full e-flex e-con e-child\" data-id=\"33ebd9f\" data-element_type=\"container\">\n\t\t\t\t<div class=\"elementor-element elementor-element-7aedf8b elementor-widget__width-initial elementor-widget-tablet__width-initial elementor-widget elementor-widget-text-editor\" data-id=\"7aedf8b\" data-element_type=\"widget\" data-widget_type=\"text-editor.default\">\n\t\t\t\t<div class=\"elementor-widget-container\">\n\t\t\t\t\t\t\t\t\t<p>Actualizaci\u00f3n de alerta en SP y declaraci\u00f3n de alerta hospitalaria en la red de salud del departamento del Cauca, emergencia en salud p\u00fablica en el municipio de Piamonte y alerta en salud p\u00fablica en el municipio de Santa Rosa.<\/p>\t\t\t\t\t\t\t\t<\/div>\n\t\t\t\t<\/div>\n\t\t\t\t<\/div>\n\t\t<div role=\"region\" aria-labelledby=\"e-n-accordion-item-6790\" class=\"elementor-element elementor-element-c1b60f1 e-con-full e-flex e-con e-child\" data-id=\"c1b60f1\" data-element_type=\"container\">\n\t\t\t\t<div class=\"elementor-element elementor-element-582751c elementor-align-center elementor-widget elementor-widget-button\" data-id=\"582751c\" data-element_type=\"widget\" data-widget_type=\"button.default\">\n\t\t\t\t<div class=\"elementor-widget-container\">\n\t\t\t\t\t\t\t\t\t<div class=\"elementor-button-wrapper\">\n\t\t\t\t\t<a class=\"elementor-button elementor-button-link elementor-size-sm\" href=\"https:\/\/observatoriosaludcauca.gov.co\/wp-content\/uploads\/2025\/10\/Circular-No-176-2025-Actualizacion-alerta-SP-FA.pdf\" target=\"_blank\">\n\t\t\t\t\t\t<span class=\"elementor-button-content-wrapper\">\n\t\t\t\t\t\t\t\t\t<span class=\"elementor-button-text\">VER<\/span>\n\t\t\t\t\t<\/span>\n\t\t\t\t\t<\/a>\n\t\t\t\t<\/div>\n\t\t\t\t\t\t\t\t<\/div>\n\t\t\t\t<\/div>\n\t\t\t\t<\/div>\n\t\t\t\t<\/div>\n\t\t\t\t<\/div>\n\t\t\t\t\t<\/details>\n\t\t\t\t\t\t<details id=\"e-n-accordion-item-6791\" class=\"e-n-accordion-item\" >\n\t\t\t\t<summary class=\"e-n-accordion-item-title\" data-accordion-index=\"2\" tabindex=\"-1\" aria-expanded=\"false\" aria-controls=\"e-n-accordion-item-6791\" >\n\t\t\t\t\t<span class='e-n-accordion-item-title-header'><div class=\"e-n-accordion-item-title-text\"> 2024 <\/div><\/span>\n\t\t\t\t\t\t\t<span class='e-n-accordion-item-title-icon'>\n\t\t\t<span class='e-opened' ><svg aria-hidden=\"true\" class=\"e-font-icon-svg e-fas-minus\" viewBox=\"0 0 448 512\" xmlns=\"http:\/\/www.w3.org\/2000\/svg\"><path d=\"M416 208H32c-17.67 0-32 14.33-32 32v32c0 17.67 14.33 32 32 32h384c17.67 0 32-14.33 32-32v-32c0-17.67-14.33-32-32-32z\"><\/path><\/svg><\/span>\n\t\t\t<span class='e-closed'><svg aria-hidden=\"true\" class=\"e-font-icon-svg e-fas-plus\" viewBox=\"0 0 448 512\" xmlns=\"http:\/\/www.w3.org\/2000\/svg\"><path d=\"M416 208H272V64c0-17.67-14.33-32-32-32h-32c-17.67 0-32 14.33-32 32v144H32c-17.67 0-32 14.33-32 32v32c0 17.67 14.33 32 32 32h144v144c0 17.67 14.33 32 32 32h32c17.67 0 32-14.33 32-32V304h144c17.67 0 32-14.33 32-32v-32c0-17.67-14.33-32-32-32z\"><\/path><\/svg><\/span>\n\t\t<\/span>\n\n\t\t\t\t\t\t<\/summary>\n\t\t\t\t<div role=\"region\" aria-labelledby=\"e-n-accordion-item-6791\" class=\"elementor-element elementor-element-80c0985 e-flex e-con-boxed e-con e-child\" data-id=\"80c0985\" data-element_type=\"container\">\n\t\t\t\t\t<div class=\"e-con-inner\">\n\t\t<div role=\"region\" aria-labelledby=\"e-n-accordion-item-6791\" class=\"elementor-element elementor-element-0fead76 e-con-full e-flex e-con e-child\" data-id=\"0fead76\" data-element_type=\"container\">\n\t\t<div role=\"region\" aria-labelledby=\"e-n-accordion-item-6791\" class=\"elementor-element elementor-element-1d84cb2 e-con-full e-flex e-con e-child\" data-id=\"1d84cb2\" data-element_type=\"container\">\n\t\t\t\t<div class=\"elementor-element elementor-element-7881a0d elementor-widget elementor-widget-image\" data-id=\"7881a0d\" data-element_type=\"widget\" data-widget_type=\"image.default\">\n\t\t\t\t<div class=\"elementor-widget-container\">\n\t\t\t\t\t\t\t\t\t\t\t\t\t\t\t<img decoding=\"async\" width=\"126\" height=\"126\" src=\"https:\/\/observatoriosaludcauca.gov.co\/wp-content\/uploads\/2025\/10\/ICONOS-COMPLEMENTARIOS-png-04.png\" class=\"attachment-medium size-medium wp-image-8465\" alt=\"\" \/>\t\t\t\t\t\t\t\t\t\t\t\t\t\t\t<\/div>\n\t\t\t\t<\/div>\n\t\t\t\t<\/div>\n\t\t<div role=\"region\" aria-labelledby=\"e-n-accordion-item-6791\" class=\"elementor-element elementor-element-4bafc05 e-con-full e-flex e-con e-child\" data-id=\"4bafc05\" data-element_type=\"container\">\n\t\t\t\t<div class=\"elementor-element elementor-element-535beec elementor-widget__width-inherit elementor-widget elementor-widget-text-editor\" data-id=\"535beec\" data-element_type=\"widget\" data-widget_type=\"text-editor.default\">\n\t\t\t\t<div class=\"elementor-widget-container\">\n\t\t\t\t\t\t\t\t\t<p>Circular 313_ 18 noviembre de 2024<\/p>\t\t\t\t\t\t\t\t<\/div>\n\t\t\t\t<\/div>\n\t\t\t\t<\/div>\n\t\t<div role=\"region\" aria-labelledby=\"e-n-accordion-item-6791\" class=\"elementor-element elementor-element-9c032d0 e-con-full e-flex e-con e-child\" data-id=\"9c032d0\" data-element_type=\"container\">\n\t\t\t\t<div class=\"elementor-element elementor-element-6f86094 elementor-widget__width-initial elementor-widget-tablet__width-initial elementor-widget elementor-widget-text-editor\" data-id=\"6f86094\" data-element_type=\"widget\" data-widget_type=\"text-editor.default\">\n\t\t\t\t<div class=\"elementor-widget-container\">\n\t\t\t\t\t\t\t\t\t<p>Declaratoria de alerta en salud p\u00fablica por fiebrea amarilla &#8211; Activaci\u00f3n de Planes de contingencia municipales<\/p>\t\t\t\t\t\t\t\t<\/div>\n\t\t\t\t<\/div>\n\t\t\t\t<\/div>\n\t\t<div role=\"region\" aria-labelledby=\"e-n-accordion-item-6791\" class=\"elementor-element elementor-element-f02fda0 e-con-full e-flex e-con e-child\" data-id=\"f02fda0\" data-element_type=\"container\">\n\t\t\t\t<div class=\"elementor-element elementor-element-e7a566f elementor-align-center elementor-widget elementor-widget-button\" data-id=\"e7a566f\" data-element_type=\"widget\" data-widget_type=\"button.default\">\n\t\t\t\t<div class=\"elementor-widget-container\">\n\t\t\t\t\t\t\t\t\t<div class=\"elementor-button-wrapper\">\n\t\t\t\t\t<a class=\"elementor-button elementor-button-link elementor-size-sm\" href=\"https:\/\/observatoriosaludcauca.gov.co\/wp-content\/uploads\/2025\/10\/Circular-No.-313-2024-Declaratoria-alerta-SP-FA.pdf\" target=\"_blank\">\n\t\t\t\t\t\t<span class=\"elementor-button-content-wrapper\">\n\t\t\t\t\t\t\t\t\t<span class=\"elementor-button-text\">VER<\/span>\n\t\t\t\t\t<\/span>\n\t\t\t\t\t<\/a>\n\t\t\t\t<\/div>\n\t\t\t\t\t\t\t\t<\/div>\n\t\t\t\t<\/div>\n\t\t\t\t<\/div>\n\t\t\t\t<\/div>\n\t\t<div role=\"region\" aria-labelledby=\"e-n-accordion-item-6791\" class=\"elementor-element elementor-element-668e64e e-con-full e-flex e-con e-child\" data-id=\"668e64e\" data-element_type=\"container\">\n\t\t<div role=\"region\" aria-labelledby=\"e-n-accordion-item-6791\" class=\"elementor-element elementor-element-99b3c03 e-con-full e-flex e-con e-child\" data-id=\"99b3c03\" data-element_type=\"container\">\n\t\t\t\t<div class=\"elementor-element elementor-element-9da4e8c elementor-widget elementor-widget-image\" data-id=\"9da4e8c\" data-element_type=\"widget\" data-widget_type=\"image.default\">\n\t\t\t\t<div class=\"elementor-widget-container\">\n\t\t\t\t\t\t\t\t\t\t\t\t\t\t\t<img decoding=\"async\" width=\"126\" height=\"126\" src=\"https:\/\/observatoriosaludcauca.gov.co\/wp-content\/uploads\/2025\/10\/ICONOS-COMPLEMENTARIOS-png-04.png\" class=\"attachment-medium size-medium wp-image-8465\" alt=\"\" \/>\t\t\t\t\t\t\t\t\t\t\t\t\t\t\t<\/div>\n\t\t\t\t<\/div>\n\t\t\t\t<\/div>\n\t\t<div role=\"region\" aria-labelledby=\"e-n-accordion-item-6791\" class=\"elementor-element elementor-element-7b0930f e-con-full e-flex e-con e-child\" data-id=\"7b0930f\" data-element_type=\"container\">\n\t\t\t\t<div class=\"elementor-element elementor-element-f7d2382 elementor-widget__width-inherit elementor-widget elementor-widget-text-editor\" data-id=\"f7d2382\" data-element_type=\"widget\" data-widget_type=\"text-editor.default\">\n\t\t\t\t<div class=\"elementor-widget-container\">\n\t\t\t\t\t\t\t\t\t<p>Circular 312_18 noviembre de 2024<\/p>\t\t\t\t\t\t\t\t<\/div>\n\t\t\t\t<\/div>\n\t\t\t\t<\/div>\n\t\t<div role=\"region\" aria-labelledby=\"e-n-accordion-item-6791\" class=\"elementor-element elementor-element-7d7fcc4 e-con-full e-flex e-con e-child\" data-id=\"7d7fcc4\" data-element_type=\"container\">\n\t\t\t\t<div class=\"elementor-element elementor-element-44c82ac elementor-widget__width-initial elementor-widget-tablet__width-initial elementor-widget elementor-widget-text-editor\" data-id=\"44c82ac\" data-element_type=\"widget\" data-widget_type=\"text-editor.default\">\n\t\t\t\t<div class=\"elementor-widget-container\">\n\t\t\t\t\t\t\t\t\t<p>Asistencia t\u00e9cnica para la implementaci\u00f3n de la circular externa 018 de 2024 frente a implementaci\u00f3n de planes de contingencia por Fiebre amarilla.<\/p>\t\t\t\t\t\t\t\t<\/div>\n\t\t\t\t<\/div>\n\t\t\t\t<\/div>\n\t\t<div role=\"region\" aria-labelledby=\"e-n-accordion-item-6791\" class=\"elementor-element elementor-element-6b5b2ea e-con-full e-flex e-con e-child\" data-id=\"6b5b2ea\" data-element_type=\"container\">\n\t\t\t\t<div class=\"elementor-element elementor-element-1ad0266 elementor-align-center elementor-widget elementor-widget-button\" data-id=\"1ad0266\" data-element_type=\"widget\" data-widget_type=\"button.default\">\n\t\t\t\t<div class=\"elementor-widget-container\">\n\t\t\t\t\t\t\t\t\t<div class=\"elementor-button-wrapper\">\n\t\t\t\t\t<a class=\"elementor-button elementor-button-link elementor-size-sm\" href=\"https:\/\/observatoriosaludcauca.gov.co\/wp-content\/uploads\/2025\/10\/Circular-No.-312-2024-Asistencia-tecnica-PC-FA.pdf\" target=\"_blank\">\n\t\t\t\t\t\t<span class=\"elementor-button-content-wrapper\">\n\t\t\t\t\t\t\t\t\t<span class=\"elementor-button-text\">VER<\/span>\n\t\t\t\t\t<\/span>\n\t\t\t\t\t<\/a>\n\t\t\t\t<\/div>\n\t\t\t\t\t\t\t\t<\/div>\n\t\t\t\t<\/div>\n\t\t\t\t<\/div>\n\t\t\t\t<\/div>\n\t\t\t\t\t<\/div>\n\t\t\t\t<\/div>\n\t\t\t\t\t<\/details>\n\t\t\t\t\t<\/div>\n\t\t\t\t\t\t<\/div>\n\t\t\t\t<\/div>\n\t\t\t\t\t<\/div>\n\t\t\t\t<\/div>\n\t\t\t\t<\/div>\n\t\t","protected":false},"excerpt":{"rendered":"<p>COMPONENTE\/ETV\/FIEBRE AMARILLA CIRCULARES 2025 Circular 176_05 de mayo de 2025 Actualizaci\u00f3n de alerta en SP y declaraci\u00f3n de alerta hospitalaria&#8230;<\/p>\n","protected":false},"author":3,"featured_media":0,"parent":0,"menu_order":0,"comment_status":"closed","ping_status":"closed","template":"","meta":{"footnotes":""},"class_list":["post-8068","page","type-page","status-publish","hentry"],"_links":{"self":[{"href":"https:\/\/observatoriosaludcauca.gov.co\/index.php\/wp-json\/wp\/v2\/pages\/8068","targetHints":{"allow":["GET"]}}],"collection":[{"href":"https:\/\/observatoriosaludcauca.gov.co\/index.php\/wp-json\/wp\/v2\/pages"}],"about":[{"href":"https:\/\/observatoriosaludcauca.gov.co\/index.php\/wp-json\/wp\/v2\/types\/page"}],"author":[{"embeddable":true,"href":"https:\/\/observatoriosaludcauca.gov.co\/index.php\/wp-json\/wp\/v2\/users\/3"}],"replies":[{"embeddable":true,"href":"https:\/\/observatoriosaludcauca.gov.co\/index.php\/wp-json\/wp\/v2\/comments?post=8068"}],"version-history":[{"count":36,"href":"https:\/\/observatoriosaludcauca.gov.co\/index.php\/wp-json\/wp\/v2\/pages\/8068\/revisions"}],"predecessor-version":[{"id":8750,"href":"https:\/\/observatoriosaludcauca.gov.co\/index.php\/wp-json\/wp\/v2\/pages\/8068\/revisions\/8750"}],"wp:attachment":[{"href":"https:\/\/observatoriosaludcauca.gov.co\/index.php\/wp-json\/wp\/v2\/media?parent=8068"}],"curies":[{"name":"wp","href":"https:\/\/api.w.org\/{rel}","templated":true}]}}