{"id":7894,"date":"2025-09-01T22:06:42","date_gmt":"2025-09-02T03:06:42","guid":{"rendered":"https:\/\/observatoriosaludcauca.gov.co\/?page_id=7894"},"modified":"2025-10-24T09:57:01","modified_gmt":"2025-10-24T14:57:01","slug":"etv_dengue_indicadores","status":"publish","type":"page","link":"https:\/\/observatoriosaludcauca.gov.co\/index.php\/etv_dengue_indicadores\/","title":{"rendered":"ETV_DENGUE_INDICADORES"},"content":{"rendered":"\t\t<div data-elementor-type=\"wp-page\" data-elementor-id=\"7894\" class=\"elementor elementor-7894\">\n\t\t\t\t<div class=\"elementor-element elementor-element-cc6e085 e-flex e-con-boxed e-con e-parent\" data-id=\"cc6e085\" data-element_type=\"container\">\n\t\t\t\t\t<div class=\"e-con-inner\">\n\t\t\t\t<div class=\"elementor-element elementor-element-59dba1f elementor-widget elementor-widget-heading\" data-id=\"59dba1f\" data-element_type=\"widget\" data-widget_type=\"heading.default\">\n\t\t\t\t<div class=\"elementor-widget-container\">\n\t\t\t\t\t<p class=\"elementor-heading-title elementor-size-default\"><a href=\"https:\/\/observatoriosaludcauca.gov.co\/index.php\/etv_dengue\/\">COMPONENTE\/ETV\/DENGUE<\/a><\/p>\t\t\t\t<\/div>\n\t\t\t\t<\/div>\n\t\t\t\t\t<\/div>\n\t\t\t\t<\/div>\n\t\t<div class=\"elementor-element elementor-element-2340f7e e-con-full e-flex e-con e-parent\" data-id=\"2340f7e\" data-element_type=\"container\">\n\t\t\t\t<div class=\"elementor-element elementor-element-265e411 elementor-widget elementor-widget-heading\" data-id=\"265e411\" data-element_type=\"widget\" data-widget_type=\"heading.default\">\n\t\t\t\t<div class=\"elementor-widget-container\">\n\t\t\t\t\t<h2 class=\"elementor-heading-title elementor-size-default\">INDICADORES<\/h2>\t\t\t\t<\/div>\n\t\t\t\t<\/div>\n\t\t\t\t<\/div>\n\t\t<div class=\"elementor-element elementor-element-9e41c2d e-grid e-con-boxed e-con e-parent\" data-id=\"9e41c2d\" data-element_type=\"container\">\n\t\t\t\t\t<div class=\"e-con-inner\">\n\t\t\t\t<div class=\"elementor-element elementor-element-5e82ae2 elementor-widget elementor-widget-n-accordion\" data-id=\"5e82ae2\" data-element_type=\"widget\" data-settings=\"{&quot;default_state&quot;:&quot;expanded&quot;,&quot;max_items_expended&quot;:&quot;one&quot;,&quot;n_accordion_animation_duration&quot;:{&quot;unit&quot;:&quot;ms&quot;,&quot;size&quot;:400,&quot;sizes&quot;:[]}}\" data-widget_type=\"nested-accordion.default\">\n\t\t\t\t<div class=\"elementor-widget-container\">\n\t\t\t\t\t\t\t<div class=\"e-n-accordion\" aria-label=\"Accordion. Open links with Enter or Space, close with Escape, and navigate with Arrow Keys\">\n\t\t\t\t\t\t<details id=\"e-n-accordion-item-9910\" class=\"e-n-accordion-item\" open>\n\t\t\t\t<summary class=\"e-n-accordion-item-title\" data-accordion-index=\"1\" tabindex=\"0\" aria-expanded=\"true\" aria-controls=\"e-n-accordion-item-9910\" >\n\t\t\t\t\t<span class='e-n-accordion-item-title-header'><div class=\"e-n-accordion-item-title-text\"> 2025 <\/div><\/span>\n\t\t\t\t\t\t\t<span class='e-n-accordion-item-title-icon'>\n\t\t\t<span class='e-opened' ><svg aria-hidden=\"true\" class=\"e-font-icon-svg e-fas-minus\" viewBox=\"0 0 448 512\" xmlns=\"http:\/\/www.w3.org\/2000\/svg\"><path d=\"M416 208H32c-17.67 0-32 14.33-32 32v32c0 17.67 14.33 32 32 32h384c17.67 0 32-14.33 32-32v-32c0-17.67-14.33-32-32-32z\"><\/path><\/svg><\/span>\n\t\t\t<span class='e-closed'><svg aria-hidden=\"true\" class=\"e-font-icon-svg e-fas-plus\" viewBox=\"0 0 448 512\" xmlns=\"http:\/\/www.w3.org\/2000\/svg\"><path d=\"M416 208H272V64c0-17.67-14.33-32-32-32h-32c-17.67 0-32 14.33-32 32v144H32c-17.67 0-32 14.33-32 32v32c0 17.67 14.33 32 32 32h144v144c0 17.67 14.33 32 32 32h32c17.67 0 32-14.33 32-32V304h144c17.67 0 32-14.33 32-32v-32c0-17.67-14.33-32-32-32z\"><\/path><\/svg><\/span>\n\t\t<\/span>\n\n\t\t\t\t\t\t<\/summary>\n\t\t\t\t<div role=\"region\" aria-labelledby=\"e-n-accordion-item-9910\" class=\"elementor-element elementor-element-05390b8 e-con-full e-flex e-con e-child\" data-id=\"05390b8\" data-element_type=\"container\">\n\t\t<div role=\"region\" aria-labelledby=\"e-n-accordion-item-9910\" class=\"elementor-element elementor-element-af2287e e-con-full e-flex e-con e-child\" data-id=\"af2287e\" data-element_type=\"container\">\n\t\t<div role=\"region\" aria-labelledby=\"e-n-accordion-item-9910\" class=\"elementor-element elementor-element-a794901 e-con-full e-flex e-con e-child\" data-id=\"a794901\" data-element_type=\"container\">\n\t\t\t\t<div class=\"elementor-element elementor-element-b58e677 elementor-widget elementor-widget-image\" data-id=\"b58e677\" data-element_type=\"widget\" data-widget_type=\"image.default\">\n\t\t\t\t<div class=\"elementor-widget-container\">\n\t\t\t\t\t\t\t\t\t\t\t\t\t\t\t<img decoding=\"async\" width=\"126\" height=\"126\" src=\"https:\/\/observatoriosaludcauca.gov.co\/wp-content\/uploads\/2025\/10\/ICONOS-COMPLEMENTARIOS-png-11.png\" class=\"attachment-medium size-medium wp-image-8455\" alt=\"\" \/>\t\t\t\t\t\t\t\t\t\t\t\t\t\t\t<\/div>\n\t\t\t\t<\/div>\n\t\t\t\t<\/div>\n\t\t<div role=\"region\" aria-labelledby=\"e-n-accordion-item-9910\" class=\"elementor-element elementor-element-b9fadf5 e-con-full e-flex e-con e-child\" data-id=\"b9fadf5\" data-element_type=\"container\">\n\t\t\t\t<div class=\"elementor-element elementor-element-21e13e5 elementor-widget__width-inherit elementor-widget elementor-widget-text-editor\" data-id=\"21e13e5\" data-element_type=\"widget\" data-widget_type=\"text-editor.default\">\n\t\t\t\t<div class=\"elementor-widget-container\">\n\t\t\t\t\t\t\t\t\t<p>Dengue Situaci\u00f3n Epidemiol\u00f3gica en Colombia.<\/p>\t\t\t\t\t\t\t\t<\/div>\n\t\t\t\t<\/div>\n\t\t\t\t<\/div>\n\t\t<div role=\"region\" aria-labelledby=\"e-n-accordion-item-9910\" class=\"elementor-element elementor-element-6bbea9e e-con-full e-flex e-con e-child\" data-id=\"6bbea9e\" data-element_type=\"container\">\n\t\t\t\t<div class=\"elementor-element elementor-element-fc26c16 elementor-widget__width-initial elementor-widget-tablet__width-initial elementor-widget elementor-widget-text-editor\" data-id=\"fc26c16\" data-element_type=\"widget\" data-widget_type=\"text-editor.default\">\n\t\t\t\t<div class=\"elementor-widget-container\">\n\t\t\t\t\t\t\t\t\t<p>Informaci\u00f3n oficial de Indicadores Instituto Nacional de Salud y Ministerio de Salud &#8211; Dengue.<\/p>\t\t\t\t\t\t\t\t<\/div>\n\t\t\t\t<\/div>\n\t\t\t\t<\/div>\n\t\t<div role=\"region\" aria-labelledby=\"e-n-accordion-item-9910\" class=\"elementor-element elementor-element-acce527 e-con-full e-flex e-con e-child\" data-id=\"acce527\" data-element_type=\"container\">\n\t\t\t\t<div class=\"elementor-element elementor-element-06c8a2a elementor-align-center elementor-widget elementor-widget-button\" data-id=\"06c8a2a\" data-element_type=\"widget\" data-widget_type=\"button.default\">\n\t\t\t\t<div class=\"elementor-widget-container\">\n\t\t\t\t\t\t\t\t\t<div class=\"elementor-button-wrapper\">\n\t\t\t\t\t<a class=\"elementor-button elementor-button-link elementor-size-sm\" href=\"https:\/\/app.powerbi.com\/view?r=eyJrIjoiOTIxMzE4MGItNjg4MC00ZmUyLWIwMzctODhlOWFjNzMyZmViIiwidCI6ImE2MmQ2YzdiLTlmNTktNDQ2OS05MzU5LTM1MzcxNDc1OTRiYiIsImMiOjR9\" target=\"_blank\">\n\t\t\t\t\t\t<span class=\"elementor-button-content-wrapper\">\n\t\t\t\t\t\t\t\t\t<span class=\"elementor-button-text\">VER<\/span>\n\t\t\t\t\t<\/span>\n\t\t\t\t\t<\/a>\n\t\t\t\t<\/div>\n\t\t\t\t\t\t\t\t<\/div>\n\t\t\t\t<\/div>\n\t\t\t\t<\/div>\n\t\t\t\t<\/div>\n\t\t\t\t<\/div>\n\t\t\t\t\t<\/details>\n\t\t\t\t\t<\/div>\n\t\t\t\t\t\t<\/div>\n\t\t\t\t<\/div>\n\t\t\t\t\t<\/div>\n\t\t\t\t<\/div>\n\t\t\t\t<\/div>\n\t\t","protected":false},"excerpt":{"rendered":"<p>COMPONENTE\/ETV\/DENGUE INDICADORES 2025 Dengue Situaci\u00f3n Epidemiol\u00f3gica en Colombia. Informaci\u00f3n oficial de Indicadores Instituto Nacional de Salud y Ministerio de Salud&#8230;<\/p>\n","protected":false},"author":3,"featured_media":0,"parent":0,"menu_order":0,"comment_status":"closed","ping_status":"closed","template":"","meta":{"footnotes":""},"class_list":["post-7894","page","type-page","status-publish","hentry"],"_links":{"self":[{"href":"https:\/\/observatoriosaludcauca.gov.co\/index.php\/wp-json\/wp\/v2\/pages\/7894","targetHints":{"allow":["GET"]}}],"collection":[{"href":"https:\/\/observatoriosaludcauca.gov.co\/index.php\/wp-json\/wp\/v2\/pages"}],"about":[{"href":"https:\/\/observatoriosaludcauca.gov.co\/index.php\/wp-json\/wp\/v2\/types\/page"}],"author":[{"embeddable":true,"href":"https:\/\/observatoriosaludcauca.gov.co\/index.php\/wp-json\/wp\/v2\/users\/3"}],"replies":[{"embeddable":true,"href":"https:\/\/observatoriosaludcauca.gov.co\/index.php\/wp-json\/wp\/v2\/comments?post=7894"}],"version-history":[{"count":16,"href":"https:\/\/observatoriosaludcauca.gov.co\/index.php\/wp-json\/wp\/v2\/pages\/7894\/revisions"}],"predecessor-version":[{"id":8734,"href":"https:\/\/observatoriosaludcauca.gov.co\/index.php\/wp-json\/wp\/v2\/pages\/7894\/revisions\/8734"}],"wp:attachment":[{"href":"https:\/\/observatoriosaludcauca.gov.co\/index.php\/wp-json\/wp\/v2\/media?parent=7894"}],"curies":[{"name":"wp","href":"https:\/\/api.w.org\/{rel}","templated":true}]}}