{"id":2721,"date":"2025-04-23T15:56:29","date_gmt":"2025-04-23T20:56:29","guid":{"rendered":"https:\/\/observatoriosaludcauca.gov.co\/?page_id=2721"},"modified":"2025-07-02T15:37:56","modified_gmt":"2025-07-02T20:37:56","slug":"ayba_carnicos_boletines","status":"publish","type":"page","link":"https:\/\/observatoriosaludcauca.gov.co\/index.php\/ayba_carnicos_boletines\/","title":{"rendered":"AYBA_CARNICOS_BOLETINES"},"content":{"rendered":"\t\t<div data-elementor-type=\"wp-page\" data-elementor-id=\"2721\" class=\"elementor elementor-2721\">\n\t\t\t\t<div class=\"elementor-element elementor-element-b1bc708 e-flex e-con-boxed e-con e-parent\" data-id=\"b1bc708\" data-element_type=\"container\">\n\t\t\t\t\t<div class=\"e-con-inner\">\n\t\t\t\t<div class=\"elementor-element elementor-element-f0ba6c6 elementor-widget elementor-widget-heading\" data-id=\"f0ba6c6\" data-element_type=\"widget\" data-widget_type=\"heading.default\">\n\t\t\t\t<div class=\"elementor-widget-container\">\n\t\t\t\t\t<p class=\"elementor-heading-title elementor-size-default\"><a href=\"https:\/\/observatoriosaludcauca.gov.co\/index.php\/expendio-y-almacenamiento\/\">COMPONENTES\/ALIMENTOS Y BEBIDAS ALCOHOLICAS\/EXPENDIO Y ALMACENAMIENTO DE PRODUCTOS C\u00c1RNICOS COMESTIBLES<\/a><\/p>\t\t\t\t<\/div>\n\t\t\t\t<\/div>\n\t\t\t\t\t<\/div>\n\t\t\t\t<\/div>\n\t\t<div class=\"elementor-element elementor-element-239d69ba e-con-full e-flex e-con e-parent\" data-id=\"239d69ba\" data-element_type=\"container\">\n\t\t\t\t<div class=\"elementor-element elementor-element-27bb805b elementor-widget elementor-widget-heading\" data-id=\"27bb805b\" data-element_type=\"widget\" data-widget_type=\"heading.default\">\n\t\t\t\t<div class=\"elementor-widget-container\">\n\t\t\t\t\t<h2 class=\"elementor-heading-title elementor-size-default\">BOLETINES<\/h2>\t\t\t\t<\/div>\n\t\t\t\t<\/div>\n\t\t\t\t<\/div>\n\t\t<div class=\"elementor-element elementor-element-e2b26bb e-grid e-con-boxed e-con e-parent\" data-id=\"e2b26bb\" data-element_type=\"container\">\n\t\t\t\t\t<div class=\"e-con-inner\">\n\t\t\t\t<div class=\"elementor-element elementor-element-ff1a694 elementor-widget elementor-widget-n-accordion\" data-id=\"ff1a694\" data-element_type=\"widget\" data-settings=\"{&quot;default_state&quot;:&quot;expanded&quot;,&quot;max_items_expended&quot;:&quot;one&quot;,&quot;n_accordion_animation_duration&quot;:{&quot;unit&quot;:&quot;ms&quot;,&quot;size&quot;:400,&quot;sizes&quot;:[]}}\" data-widget_type=\"nested-accordion.default\">\n\t\t\t\t<div class=\"elementor-widget-container\">\n\t\t\t\t\t\t\t<div class=\"e-n-accordion\" aria-label=\"Accordion. Open links with Enter or Space, close with Escape, and navigate with Arrow Keys\">\n\t\t\t\t\t\t<details id=\"e-n-accordion-item-2670\" class=\"e-n-accordion-item\" open>\n\t\t\t\t<summary class=\"e-n-accordion-item-title\" data-accordion-index=\"1\" tabindex=\"0\" aria-expanded=\"true\" aria-controls=\"e-n-accordion-item-2670\" >\n\t\t\t\t\t<span class='e-n-accordion-item-title-header'><div class=\"e-n-accordion-item-title-text\"> 2025 <\/div><\/span>\n\t\t\t\t\t\t\t<span class='e-n-accordion-item-title-icon'>\n\t\t\t<span class='e-opened' ><svg aria-hidden=\"true\" class=\"e-font-icon-svg e-fas-minus\" viewBox=\"0 0 448 512\" xmlns=\"http:\/\/www.w3.org\/2000\/svg\"><path d=\"M416 208H32c-17.67 0-32 14.33-32 32v32c0 17.67 14.33 32 32 32h384c17.67 0 32-14.33 32-32v-32c0-17.67-14.33-32-32-32z\"><\/path><\/svg><\/span>\n\t\t\t<span class='e-closed'><svg aria-hidden=\"true\" class=\"e-font-icon-svg e-fas-plus\" viewBox=\"0 0 448 512\" xmlns=\"http:\/\/www.w3.org\/2000\/svg\"><path d=\"M416 208H272V64c0-17.67-14.33-32-32-32h-32c-17.67 0-32 14.33-32 32v144H32c-17.67 0-32 14.33-32 32v32c0 17.67 14.33 32 32 32h144v144c0 17.67 14.33 32 32 32h32c17.67 0 32-14.33 32-32V304h144c17.67 0 32-14.33 32-32v-32c0-17.67-14.33-32-32-32z\"><\/path><\/svg><\/span>\n\t\t<\/span>\n\n\t\t\t\t\t\t<\/summary>\n\t\t\t\t<div role=\"region\" aria-labelledby=\"e-n-accordion-item-2670\" class=\"elementor-element elementor-element-d80c60c e-flex e-con-boxed e-con e-child\" data-id=\"d80c60c\" data-element_type=\"container\">\n\t\t\t\t\t<div class=\"e-con-inner\">\n\t\t<div role=\"region\" aria-labelledby=\"e-n-accordion-item-2670\" class=\"elementor-element elementor-element-046df58 e-con-full e-flex e-con e-child\" data-id=\"046df58\" data-element_type=\"container\">\n\t\t<div role=\"region\" aria-labelledby=\"e-n-accordion-item-2670\" class=\"elementor-element elementor-element-61b85a2 e-con-full e-flex e-con e-child\" data-id=\"61b85a2\" data-element_type=\"container\">\n\t\t\t\t<div class=\"elementor-element elementor-element-11eae2e elementor-widget elementor-widget-image\" data-id=\"11eae2e\" data-element_type=\"widget\" data-widget_type=\"image.default\">\n\t\t\t\t<div class=\"elementor-widget-container\">\n\t\t\t\t\t\t\t\t\t\t\t\t\t\t\t<img decoding=\"async\" width=\"103\" height=\"125\" src=\"https:\/\/observatoriosaludcauca.gov.co\/wp-content\/uploads\/2025\/04\/Icononos-Circulares-Normativa-Boletines-y-Biblioteca-en-Blanco-y-azul-08.png\" class=\"attachment-medium size-medium wp-image-2497\" alt=\"\" \/>\t\t\t\t\t\t\t\t\t\t\t\t\t\t\t<\/div>\n\t\t\t\t<\/div>\n\t\t\t\t<\/div>\n\t\t<div role=\"region\" aria-labelledby=\"e-n-accordion-item-2670\" class=\"elementor-element elementor-element-2382dea e-con-full e-flex e-con e-child\" data-id=\"2382dea\" data-element_type=\"container\">\n\t\t\t\t<div class=\"elementor-element elementor-element-fcd5039 elementor-widget__width-inherit elementor-widget elementor-widget-text-editor\" data-id=\"fcd5039\" data-element_type=\"widget\" data-widget_type=\"text-editor.default\">\n\t\t\t\t<div class=\"elementor-widget-container\">\n\t\t\t\t\t\t\t\t\t<p>Bolet\u00edn_febrero 2025.<\/p>\t\t\t\t\t\t\t\t<\/div>\n\t\t\t\t<\/div>\n\t\t\t\t<\/div>\n\t\t<div role=\"region\" aria-labelledby=\"e-n-accordion-item-2670\" class=\"elementor-element elementor-element-249a41f e-con-full e-flex e-con e-child\" data-id=\"249a41f\" data-element_type=\"container\">\n\t\t\t\t<div class=\"elementor-element elementor-element-b4e022d elementor-widget__width-initial elementor-widget-tablet__width-initial elementor-widget elementor-widget-text-editor\" data-id=\"b4e022d\" data-element_type=\"widget\" data-widget_type=\"text-editor.default\">\n\t\t\t\t<div class=\"elementor-widget-container\">\n\t\t\t\t\t\t\t\t\t<p>Acciones de inspecci\u00f3n, vigilancia y control sanitario a establecimientos donde se expenden, almacenen o se transporten carnes y productos c\u00e1rnicos comestibles en jurisdicci\u00f3n.<\/p>\t\t\t\t\t\t\t\t<\/div>\n\t\t\t\t<\/div>\n\t\t\t\t<\/div>\n\t\t<div role=\"region\" aria-labelledby=\"e-n-accordion-item-2670\" class=\"elementor-element elementor-element-1dc75f1 e-con-full e-flex e-con e-child\" data-id=\"1dc75f1\" data-element_type=\"container\">\n\t\t\t\t<div class=\"elementor-element elementor-element-778fafb elementor-align-center elementor-widget elementor-widget-button\" data-id=\"778fafb\" data-element_type=\"widget\" data-widget_type=\"button.default\">\n\t\t\t\t<div class=\"elementor-widget-container\">\n\t\t\t\t\t\t\t\t\t<div class=\"elementor-button-wrapper\">\n\t\t\t\t\t<a class=\"elementor-button elementor-button-link elementor-size-sm\" href=\"https:\/\/observatoriosaludcauca.gov.co\/wp-content\/uploads\/2025\/05\/BOLETIN-DE-PRENSA-Acciones-de-Proceso-IVCS-control-Carnes_signed.pdf\" target=\"_blank\">\n\t\t\t\t\t\t<span class=\"elementor-button-content-wrapper\">\n\t\t\t\t\t\t\t\t\t<span class=\"elementor-button-text\">VER<\/span>\n\t\t\t\t\t<\/span>\n\t\t\t\t\t<\/a>\n\t\t\t\t<\/div>\n\t\t\t\t\t\t\t\t<\/div>\n\t\t\t\t<\/div>\n\t\t\t\t<\/div>\n\t\t\t\t<\/div>\n\t\t<div role=\"region\" aria-labelledby=\"e-n-accordion-item-2670\" class=\"elementor-element elementor-element-cc7346e e-con-full e-flex e-con e-child\" data-id=\"cc7346e\" data-element_type=\"container\">\n\t\t<div role=\"region\" aria-labelledby=\"e-n-accordion-item-2670\" class=\"elementor-element elementor-element-0626d20 e-con-full e-flex e-con e-child\" data-id=\"0626d20\" data-element_type=\"container\">\n\t\t\t\t<div class=\"elementor-element elementor-element-2d2339c elementor-widget elementor-widget-image\" data-id=\"2d2339c\" data-element_type=\"widget\" data-widget_type=\"image.default\">\n\t\t\t\t<div class=\"elementor-widget-container\">\n\t\t\t\t\t\t\t\t\t\t\t\t\t\t\t<img decoding=\"async\" width=\"103\" height=\"125\" src=\"https:\/\/observatoriosaludcauca.gov.co\/wp-content\/uploads\/2025\/04\/Icononos-Circulares-Normativa-Boletines-y-Biblioteca-en-Blanco-y-azul-08.png\" class=\"attachment-medium size-medium wp-image-2497\" alt=\"\" \/>\t\t\t\t\t\t\t\t\t\t\t\t\t\t\t<\/div>\n\t\t\t\t<\/div>\n\t\t\t\t<\/div>\n\t\t<div role=\"region\" aria-labelledby=\"e-n-accordion-item-2670\" class=\"elementor-element elementor-element-3de0b22 e-con-full e-flex e-con e-child\" data-id=\"3de0b22\" data-element_type=\"container\">\n\t\t\t\t<div class=\"elementor-element elementor-element-776732c elementor-widget__width-inherit elementor-widget elementor-widget-text-editor\" data-id=\"776732c\" data-element_type=\"widget\" data-widget_type=\"text-editor.default\">\n\t\t\t\t<div class=\"elementor-widget-container\">\n\t\t\t\t\t\t\t\t\t<p>Bolet\u00edn_marzo 2025.<\/p>\t\t\t\t\t\t\t\t<\/div>\n\t\t\t\t<\/div>\n\t\t\t\t<\/div>\n\t\t<div role=\"region\" aria-labelledby=\"e-n-accordion-item-2670\" class=\"elementor-element elementor-element-bb4dd1e e-con-full e-flex e-con e-child\" data-id=\"bb4dd1e\" data-element_type=\"container\">\n\t\t\t\t<div class=\"elementor-element elementor-element-3edebfe elementor-widget__width-initial elementor-widget-tablet__width-initial elementor-widget elementor-widget-text-editor\" data-id=\"3edebfe\" data-element_type=\"widget\" data-widget_type=\"text-editor.default\">\n\t\t\t\t<div class=\"elementor-widget-container\">\n\t\t\t\t\t\t\t\t\t<p>Capacitamos a la Polic\u00eda para optimizar los controles sanitarios en expendios y transporte de carne en el Cauca.<\/p>\t\t\t\t\t\t\t\t<\/div>\n\t\t\t\t<\/div>\n\t\t\t\t<\/div>\n\t\t<div role=\"region\" aria-labelledby=\"e-n-accordion-item-2670\" class=\"elementor-element elementor-element-4695458 e-con-full e-flex e-con e-child\" data-id=\"4695458\" data-element_type=\"container\">\n\t\t\t\t<div class=\"elementor-element elementor-element-25db28b elementor-align-center elementor-widget elementor-widget-button\" data-id=\"25db28b\" data-element_type=\"widget\" data-widget_type=\"button.default\">\n\t\t\t\t<div class=\"elementor-widget-container\">\n\t\t\t\t\t\t\t\t\t<div class=\"elementor-button-wrapper\">\n\t\t\t\t\t<a class=\"elementor-button elementor-button-link elementor-size-sm\" href=\"https:\/\/observatoriosaludcauca.gov.co\/wp-content\/uploads\/2025\/05\/BOLETIN-CAPACITACION-MEPOY-Y-DECAU.pdf\" target=\"_blank\">\n\t\t\t\t\t\t<span class=\"elementor-button-content-wrapper\">\n\t\t\t\t\t\t\t\t\t<span class=\"elementor-button-text\">VER<\/span>\n\t\t\t\t\t<\/span>\n\t\t\t\t\t<\/a>\n\t\t\t\t<\/div>\n\t\t\t\t\t\t\t\t<\/div>\n\t\t\t\t<\/div>\n\t\t\t\t<\/div>\n\t\t\t\t<\/div>\n\t\t<div role=\"region\" aria-labelledby=\"e-n-accordion-item-2670\" class=\"elementor-element elementor-element-f0673a3 e-con-full e-flex e-con e-child\" data-id=\"f0673a3\" data-element_type=\"container\">\n\t\t<div role=\"region\" aria-labelledby=\"e-n-accordion-item-2670\" class=\"elementor-element elementor-element-93e7d54 e-con-full e-flex e-con e-child\" data-id=\"93e7d54\" data-element_type=\"container\">\n\t\t\t\t<div class=\"elementor-element elementor-element-f91f513 elementor-widget elementor-widget-image\" data-id=\"f91f513\" data-element_type=\"widget\" data-widget_type=\"image.default\">\n\t\t\t\t<div class=\"elementor-widget-container\">\n\t\t\t\t\t\t\t\t\t\t\t\t\t\t\t<img decoding=\"async\" width=\"103\" height=\"125\" src=\"https:\/\/observatoriosaludcauca.gov.co\/wp-content\/uploads\/2025\/04\/Icononos-Circulares-Normativa-Boletines-y-Biblioteca-en-Blanco-y-azul-08.png\" class=\"attachment-medium size-medium wp-image-2497\" alt=\"\" \/>\t\t\t\t\t\t\t\t\t\t\t\t\t\t\t<\/div>\n\t\t\t\t<\/div>\n\t\t\t\t<\/div>\n\t\t<div role=\"region\" aria-labelledby=\"e-n-accordion-item-2670\" class=\"elementor-element elementor-element-57de727 e-con-full e-flex e-con e-child\" data-id=\"57de727\" data-element_type=\"container\">\n\t\t\t\t<div class=\"elementor-element elementor-element-a6b8781 elementor-widget__width-inherit elementor-widget elementor-widget-text-editor\" data-id=\"a6b8781\" data-element_type=\"widget\" data-widget_type=\"text-editor.default\">\n\t\t\t\t<div class=\"elementor-widget-container\">\n\t\t\t\t\t\t\t\t\t<p>Bolet\u00edn_Informativo.<\/p>\t\t\t\t\t\t\t\t<\/div>\n\t\t\t\t<\/div>\n\t\t\t\t<\/div>\n\t\t<div role=\"region\" aria-labelledby=\"e-n-accordion-item-2670\" class=\"elementor-element elementor-element-bfd04e9 e-con-full e-flex e-con e-child\" data-id=\"bfd04e9\" data-element_type=\"container\">\n\t\t\t\t<div class=\"elementor-element elementor-element-16ae861 elementor-widget__width-initial elementor-widget-tablet__width-initial elementor-widget elementor-widget-text-editor\" data-id=\"16ae861\" data-element_type=\"widget\" data-widget_type=\"text-editor.default\">\n\t\t\t\t<div class=\"elementor-widget-container\">\n\t\t\t\t\t\t\t\t\t<p>Inscripci\u00f3n Obligatoria de los Establecimientos con Actividades de Expendio, Almacenamiento, Transporte y Preparaci\u00f3n de Alimentos y Bebidas ante el Proceso Gesti\u00f3n..<\/p>\t\t\t\t\t\t\t\t<\/div>\n\t\t\t\t<\/div>\n\t\t\t\t<\/div>\n\t\t<div role=\"region\" aria-labelledby=\"e-n-accordion-item-2670\" class=\"elementor-element elementor-element-e64cc29 e-con-full e-flex e-con e-child\" data-id=\"e64cc29\" data-element_type=\"container\">\n\t\t\t\t<div class=\"elementor-element elementor-element-c6e9346 elementor-align-center elementor-widget elementor-widget-button\" data-id=\"c6e9346\" data-element_type=\"widget\" data-widget_type=\"button.default\">\n\t\t\t\t<div class=\"elementor-widget-container\">\n\t\t\t\t\t\t\t\t\t<div class=\"elementor-button-wrapper\">\n\t\t\t\t\t<a class=\"elementor-button elementor-button-link elementor-size-sm\" href=\"https:\/\/observatoriosaludcauca.gov.co\/wp-content\/uploads\/2025\/07\/1.pdf\" target=\"_blank\">\n\t\t\t\t\t\t<span class=\"elementor-button-content-wrapper\">\n\t\t\t\t\t\t\t\t\t<span class=\"elementor-button-text\">VER<\/span>\n\t\t\t\t\t<\/span>\n\t\t\t\t\t<\/a>\n\t\t\t\t<\/div>\n\t\t\t\t\t\t\t\t<\/div>\n\t\t\t\t<\/div>\n\t\t\t\t<\/div>\n\t\t\t\t<\/div>\n\t\t\t\t\t<\/div>\n\t\t\t\t<\/div>\n\t\t\t\t\t<\/details>\n\t\t\t\t\t<\/div>\n\t\t\t\t\t\t<\/div>\n\t\t\t\t<\/div>\n\t\t\t\t\t<\/div>\n\t\t\t\t<\/div>\n\t\t\t\t<\/div>\n\t\t","protected":false},"excerpt":{"rendered":"<p>COMPONENTES\/ALIMENTOS Y BEBIDAS ALCOHOLICAS\/EXPENDIO Y ALMACENAMIENTO DE PRODUCTOS C\u00c1RNICOS COMESTIBLES BOLETINES 2025 Bolet\u00edn_febrero 2025. Acciones de inspecci\u00f3n, vigilancia y control&#8230;<\/p>\n","protected":false},"author":3,"featured_media":0,"parent":0,"menu_order":0,"comment_status":"closed","ping_status":"closed","template":"","meta":{"footnotes":""},"class_list":["post-2721","page","type-page","status-publish","hentry"],"_links":{"self":[{"href":"https:\/\/observatoriosaludcauca.gov.co\/index.php\/wp-json\/wp\/v2\/pages\/2721","targetHints":{"allow":["GET"]}}],"collection":[{"href":"https:\/\/observatoriosaludcauca.gov.co\/index.php\/wp-json\/wp\/v2\/pages"}],"about":[{"href":"https:\/\/observatoriosaludcauca.gov.co\/index.php\/wp-json\/wp\/v2\/types\/page"}],"author":[{"embeddable":true,"href":"https:\/\/observatoriosaludcauca.gov.co\/index.php\/wp-json\/wp\/v2\/users\/3"}],"replies":[{"embeddable":true,"href":"https:\/\/observatoriosaludcauca.gov.co\/index.php\/wp-json\/wp\/v2\/comments?post=2721"}],"version-history":[{"count":28,"href":"https:\/\/observatoriosaludcauca.gov.co\/index.php\/wp-json\/wp\/v2\/pages\/2721\/revisions"}],"predecessor-version":[{"id":6731,"href":"https:\/\/observatoriosaludcauca.gov.co\/index.php\/wp-json\/wp\/v2\/pages\/2721\/revisions\/6731"}],"wp:attachment":[{"href":"https:\/\/observatoriosaludcauca.gov.co\/index.php\/wp-json\/wp\/v2\/media?parent=2721"}],"curies":[{"name":"wp","href":"https:\/\/api.w.org\/{rel}","templated":true}]}}