{"id":1692,"date":"2025-04-07T21:29:09","date_gmt":"2025-04-08T02:29:09","guid":{"rendered":"https:\/\/observatoriosaludcauca.gov.co\/?page_id=1692"},"modified":"2025-05-23T10:26:15","modified_gmt":"2025-05-23T15:26:15","slug":"bebidas_circulares","status":"publish","type":"page","link":"https:\/\/observatoriosaludcauca.gov.co\/index.php\/bebidas_circulares\/","title":{"rendered":"AYBA_BEBIDAS_CIRCULARES"},"content":{"rendered":"\t\t<div data-elementor-type=\"wp-page\" data-elementor-id=\"1692\" class=\"elementor elementor-1692\">\n\t\t\t\t<div class=\"elementor-element elementor-element-37b2949 e-flex e-con-boxed e-con e-parent\" data-id=\"37b2949\" data-element_type=\"container\">\n\t\t\t\t\t<div class=\"e-con-inner\">\n\t\t\t\t<div class=\"elementor-element elementor-element-ee2e18c elementor-widget elementor-widget-heading\" data-id=\"ee2e18c\" data-element_type=\"widget\" data-widget_type=\"heading.default\">\n\t\t\t\t<div class=\"elementor-widget-container\">\n\t\t\t\t\t<p class=\"elementor-heading-title elementor-size-default\"><a href=\"https:\/\/observatoriosaludcauca.gov.co\/index.php\/expendio-de-bebidas-alcoholicas\/\">COMPONENTES\/ALIMENTOS Y BEBIDAS ALCOHOLICAS\/EXPENDIO Y ALMACENAMIENTO DE BEBIDAS ALCOHOLICAS<\/a><\/p>\t\t\t\t<\/div>\n\t\t\t\t<\/div>\n\t\t\t\t\t<\/div>\n\t\t\t\t<\/div>\n\t\t<div class=\"elementor-element elementor-element-c0c348e e-con-full e-flex e-con e-parent\" data-id=\"c0c348e\" data-element_type=\"container\">\n\t\t\t\t<div class=\"elementor-element elementor-element-372c9f5 elementor-widget elementor-widget-heading\" data-id=\"372c9f5\" data-element_type=\"widget\" data-widget_type=\"heading.default\">\n\t\t\t\t<div class=\"elementor-widget-container\">\n\t\t\t\t\t<h2 class=\"elementor-heading-title elementor-size-default\">CIRCULARES<\/h2>\t\t\t\t<\/div>\n\t\t\t\t<\/div>\n\t\t\t\t<\/div>\n\t\t<div class=\"elementor-element elementor-element-6f71cee e-flex e-con-boxed e-con e-parent\" data-id=\"6f71cee\" data-element_type=\"container\">\n\t\t\t\t\t<div class=\"e-con-inner\">\n\t\t\t\t<div class=\"elementor-element elementor-element-d17348f elementor-widget__width-inherit elementor-widget-divider--view-line elementor-widget elementor-widget-divider\" data-id=\"d17348f\" data-element_type=\"widget\" data-widget_type=\"divider.default\">\n\t\t\t\t<div class=\"elementor-widget-container\">\n\t\t\t\t\t\t\t<div class=\"elementor-divider\">\n\t\t\t<span class=\"elementor-divider-separator\">\n\t\t\t\t\t\t<\/span>\n\t\t<\/div>\n\t\t\t\t\t\t<\/div>\n\t\t\t\t<\/div>\n\t\t\t\t\t<\/div>\n\t\t\t\t<\/div>\n\t\t<div class=\"elementor-element elementor-element-691a8ac e-con-full e-flex e-con e-parent\" data-id=\"691a8ac\" data-element_type=\"container\">\n\t\t<div class=\"elementor-element elementor-element-bd4387c e-con-full e-flex e-con e-child\" data-id=\"bd4387c\" data-element_type=\"container\">\n\t\t\t\t<div class=\"elementor-element elementor-element-f8a3825 elementor-widget elementor-widget-image\" data-id=\"f8a3825\" data-element_type=\"widget\" data-widget_type=\"image.default\">\n\t\t\t\t<div class=\"elementor-widget-container\">\n\t\t\t\t\t\t\t\t\t\t\t\t\t\t\t<img decoding=\"async\" width=\"103\" height=\"124\" src=\"https:\/\/observatoriosaludcauca.gov.co\/wp-content\/uploads\/2025\/04\/Icononos-Circulares-Normativa-Boletines-y-Biblioteca-en-Blanco-y-azul-05.png\" class=\"attachment-medium size-medium wp-image-1973\" alt=\"\" \/>\t\t\t\t\t\t\t\t\t\t\t\t\t\t\t<\/div>\n\t\t\t\t<\/div>\n\t\t\t\t<\/div>\n\t\t<div class=\"elementor-element elementor-element-07fb0e8 e-con-full e-flex e-con e-child\" data-id=\"07fb0e8\" data-element_type=\"container\">\n\t\t\t\t<div class=\"elementor-element elementor-element-e60dc23 elementor-widget__width-inherit elementor-widget elementor-widget-text-editor\" data-id=\"e60dc23\" data-element_type=\"widget\" data-widget_type=\"text-editor.default\">\n\t\t\t\t<div class=\"elementor-widget-container\">\n\t\t\t\t\t\t\t\t\t<p>Circular-Extern-DG100-161-20<\/p>\t\t\t\t\t\t\t\t<\/div>\n\t\t\t\t<\/div>\n\t\t\t\t<\/div>\n\t\t<div class=\"elementor-element elementor-element-3f5381b e-con-full e-flex e-con e-child\" data-id=\"3f5381b\" data-element_type=\"container\">\n\t\t\t\t<div class=\"elementor-element elementor-element-f484185 elementor-widget__width-initial elementor-widget-tablet__width-initial elementor-widget elementor-widget-text-editor\" data-id=\"f484185\" data-element_type=\"widget\" data-widget_type=\"text-editor.default\">\n\t\t\t\t<div class=\"elementor-widget-container\">\n\t\t\t\t\t\t\t\t\t<p>Aclaraci\u00f3n sobre la expedici\u00f3n de concepto sanitario para procesos de contrataci\u00f3n<\/p>\t\t\t\t\t\t\t\t<\/div>\n\t\t\t\t<\/div>\n\t\t\t\t<\/div>\n\t\t<div class=\"elementor-element elementor-element-0c93798 e-con-full e-flex e-con e-child\" data-id=\"0c93798\" data-element_type=\"container\">\n\t\t\t\t<div class=\"elementor-element elementor-element-59c1374 elementor-align-center elementor-widget elementor-widget-button\" data-id=\"59c1374\" data-element_type=\"widget\" data-widget_type=\"button.default\">\n\t\t\t\t<div class=\"elementor-widget-container\">\n\t\t\t\t\t\t\t\t\t<div class=\"elementor-button-wrapper\">\n\t\t\t\t\t<a class=\"elementor-button elementor-button-link elementor-size-sm\" href=\"#\">\n\t\t\t\t\t\t<span class=\"elementor-button-content-wrapper\">\n\t\t\t\t\t\t\t\t\t<span class=\"elementor-button-text\">VER<\/span>\n\t\t\t\t\t<\/span>\n\t\t\t\t\t<\/a>\n\t\t\t\t<\/div>\n\t\t\t\t\t\t\t\t<\/div>\n\t\t\t\t<\/div>\n\t\t\t\t<\/div>\n\t\t\t\t<\/div>\n\t\t<div class=\"elementor-element elementor-element-04fa704 e-flex e-con-boxed e-con e-parent\" data-id=\"04fa704\" data-element_type=\"container\">\n\t\t\t\t\t<div class=\"e-con-inner\">\n\t\t\t\t<div class=\"elementor-element elementor-element-b6012a8 elementor-widget__width-inherit elementor-widget-divider--view-line elementor-widget elementor-widget-divider\" data-id=\"b6012a8\" data-element_type=\"widget\" data-widget_type=\"divider.default\">\n\t\t\t\t<div class=\"elementor-widget-container\">\n\t\t\t\t\t\t\t<div class=\"elementor-divider\">\n\t\t\t<span class=\"elementor-divider-separator\">\n\t\t\t\t\t\t<\/span>\n\t\t<\/div>\n\t\t\t\t\t\t<\/div>\n\t\t\t\t<\/div>\n\t\t\t\t\t<\/div>\n\t\t\t\t<\/div>\n\t\t\t\t<\/div>\n\t\t","protected":false},"excerpt":{"rendered":"<p>COMPONENTES\/ALIMENTOS Y BEBIDAS ALCOHOLICAS\/EXPENDIO Y ALMACENAMIENTO DE BEBIDAS ALCOHOLICAS CIRCULARES Circular-Extern-DG100-161-20 Aclaraci\u00f3n sobre la expedici\u00f3n de concepto sanitario para procesos&#8230;<\/p>\n","protected":false},"author":3,"featured_media":0,"parent":0,"menu_order":0,"comment_status":"closed","ping_status":"closed","template":"","meta":{"footnotes":""},"class_list":["post-1692","page","type-page","status-publish","hentry"],"_links":{"self":[{"href":"https:\/\/observatoriosaludcauca.gov.co\/index.php\/wp-json\/wp\/v2\/pages\/1692","targetHints":{"allow":["GET"]}}],"collection":[{"href":"https:\/\/observatoriosaludcauca.gov.co\/index.php\/wp-json\/wp\/v2\/pages"}],"about":[{"href":"https:\/\/observatoriosaludcauca.gov.co\/index.php\/wp-json\/wp\/v2\/types\/page"}],"author":[{"embeddable":true,"href":"https:\/\/observatoriosaludcauca.gov.co\/index.php\/wp-json\/wp\/v2\/users\/3"}],"replies":[{"embeddable":true,"href":"https:\/\/observatoriosaludcauca.gov.co\/index.php\/wp-json\/wp\/v2\/comments?post=1692"}],"version-history":[{"count":23,"href":"https:\/\/observatoriosaludcauca.gov.co\/index.php\/wp-json\/wp\/v2\/pages\/1692\/revisions"}],"predecessor-version":[{"id":5355,"href":"https:\/\/observatoriosaludcauca.gov.co\/index.php\/wp-json\/wp\/v2\/pages\/1692\/revisions\/5355"}],"wp:attachment":[{"href":"https:\/\/observatoriosaludcauca.gov.co\/index.php\/wp-json\/wp\/v2\/media?parent=1692"}],"curies":[{"name":"wp","href":"https:\/\/api.w.org\/{rel}","templated":true}]}}