{"id":14,"date":"2025-03-26T20:01:54","date_gmt":"2025-03-26T20:01:54","guid":{"rendered":"https:\/\/observatoriosaludcauca.gov.co\/index.php\/contact\/"},"modified":"2026-03-20T20:19:56","modified_gmt":"2026-03-21T01:19:56","slug":"tramites","status":"publish","type":"page","link":"https:\/\/observatoriosaludcauca.gov.co\/index.php\/tramites\/","title":{"rendered":"Tr\u00e1mites"},"content":{"rendered":"\t\t<div data-elementor-type=\"wp-page\" data-elementor-id=\"14\" class=\"elementor elementor-14\">\n\t\t\t\t<div class=\"elementor-element elementor-element-fef93eb e-flex e-con-boxed e-con e-parent\" data-id=\"fef93eb\" data-element_type=\"container\" data-settings=\"{&quot;background_background&quot;:&quot;classic&quot;}\">\n\t\t\t\t\t<div class=\"e-con-inner\">\n\t\t<div class=\"elementor-element elementor-element-2c4f7bc e-grid e-con-full e-con e-child\" data-id=\"2c4f7bc\" data-element_type=\"container\">\n\t\t\t\t<div class=\"elementor-element elementor-element-dded061 elementor-widget elementor-widget-heading\" data-id=\"dded061\" data-element_type=\"widget\" data-widget_type=\"heading.default\">\n\t\t\t\t<div class=\"elementor-widget-container\">\n\t\t\t\t\t<h2 class=\"elementor-heading-title elementor-size-default\">TR\u00c1MITES AMBIENTE- ALIMENTOS Y BEBIDAS<\/h2>\t\t\t\t<\/div>\n\t\t\t\t<\/div>\n\t\t\t\t<\/div>\n\t\t\t\t\t<\/div>\n\t\t\t\t<\/div>\n\t\t<div class=\"elementor-element elementor-element-cf8c753 e-grid e-con-boxed e-con e-parent\" data-id=\"cf8c753\" data-element_type=\"container\">\n\t\t\t\t\t<div class=\"e-con-inner\">\n\t\t\t\t<div class=\"elementor-element elementor-element-39d9f4e elementor-widget-divider--view-line elementor-widget elementor-widget-divider\" data-id=\"39d9f4e\" data-element_type=\"widget\" data-widget_type=\"divider.default\">\n\t\t\t\t<div class=\"elementor-widget-container\">\n\t\t\t\t\t\t\t<div class=\"elementor-divider\">\n\t\t\t<span class=\"elementor-divider-separator\">\n\t\t\t\t\t\t<\/span>\n\t\t<\/div>\n\t\t\t\t\t\t<\/div>\n\t\t\t\t<\/div>\n\t\t\t\t\t<\/div>\n\t\t\t\t<\/div>\n\t\t<div class=\"elementor-element elementor-element-4f63b1f e-grid e-con-boxed e-con e-parent\" data-id=\"4f63b1f\" data-element_type=\"container\">\n\t\t\t\t\t<div class=\"e-con-inner\">\n\t\t<div class=\"elementor-element elementor-element-3e29b02 e-grid e-con-full e-con e-child\" data-id=\"3e29b02\" data-element_type=\"container\">\n\t\t\t\t<div class=\"elementor-element elementor-element-996e55a elementor-widget elementor-widget-image\" data-id=\"996e55a\" data-element_type=\"widget\" data-widget_type=\"image.default\">\n\t\t\t\t<div class=\"elementor-widget-container\">\n\t\t\t\t\t\t\t\t\t\t\t\t\t\t\t<img decoding=\"async\" width=\"126\" height=\"126\" src=\"https:\/\/observatoriosaludcauca.gov.co\/wp-content\/uploads\/2025\/05\/ICONOS-DE-TRAMITES-09.png\" class=\"attachment-large size-large wp-image-4846\" alt=\"\" \/>\t\t\t\t\t\t\t\t\t\t\t\t\t\t\t<\/div>\n\t\t\t\t<\/div>\n\t\t\t\t<div class=\"elementor-element elementor-element-26dddb0 elementor-widget elementor-widget-text-editor\" data-id=\"26dddb0\" data-element_type=\"widget\" data-widget_type=\"text-editor.default\">\n\t\t\t\t<div class=\"elementor-widget-container\">\n\t\t\t\t\t\t\t\t\t<p><a href=\"https:\/\/docs.google.com\/forms\/d\/e\/1FAIpQLSfsgNsZ9p1JymLxBFhs6KkhxmFXWiN-M2a2HAPrC6uny3Pmbw\/viewform?usp=preview\" target=\"_blank\" rel=\"noopener\">Solicitud Autorizaci\u00f3n Sanitaria para Acueductos Rurales<\/a><\/p>\t\t\t\t\t\t\t\t<\/div>\n\t\t\t\t<\/div>\n\t\t\t\t<\/div>\n\t\t<div class=\"elementor-element elementor-element-4d2a7a3 e-grid e-con-full e-con e-child\" data-id=\"4d2a7a3\" data-element_type=\"container\">\n\t\t\t\t<div class=\"elementor-element elementor-element-307e8e1 elementor-widget elementor-widget-image\" data-id=\"307e8e1\" data-element_type=\"widget\" data-widget_type=\"image.default\">\n\t\t\t\t<div class=\"elementor-widget-container\">\n\t\t\t\t\t\t\t\t\t\t\t\t\t\t\t<img decoding=\"async\" width=\"126\" height=\"126\" src=\"https:\/\/observatoriosaludcauca.gov.co\/wp-content\/uploads\/2025\/05\/ICONOS-DE-TRAMITES-09.png\" class=\"attachment-large size-large wp-image-4846\" alt=\"\" \/>\t\t\t\t\t\t\t\t\t\t\t\t\t\t\t<\/div>\n\t\t\t\t<\/div>\n\t\t\t\t<div class=\"elementor-element elementor-element-cd8dd96 elementor-widget elementor-widget-text-editor\" data-id=\"cd8dd96\" data-element_type=\"widget\" data-widget_type=\"text-editor.default\">\n\t\t\t\t<div class=\"elementor-widget-container\">\n\t\t\t\t\t\t\t\t\t<p><a href=\"https:\/\/docs.google.com\/forms\/d\/e\/1FAIpQLSddAgUzEFRZ6_m-MWaFvot4QhSmuqB3JH1A7Rlo5pFklLsqUw\/viewform?usp=preview\" target=\"_blank\" rel=\"noopener\">Solicitud Autorizaci\u00f3n Sanitaria para Acueductos Urbanos<\/a><\/p>\t\t\t\t\t\t\t\t<\/div>\n\t\t\t\t<\/div>\n\t\t\t\t<\/div>\n\t\t<div class=\"elementor-element elementor-element-23ddd1f e-grid e-con-full e-con e-child\" data-id=\"23ddd1f\" data-element_type=\"container\">\n\t\t\t\t<div class=\"elementor-element elementor-element-6fb28bb elementor-widget elementor-widget-image\" data-id=\"6fb28bb\" data-element_type=\"widget\" data-widget_type=\"image.default\">\n\t\t\t\t<div class=\"elementor-widget-container\">\n\t\t\t\t\t\t\t\t\t\t\t\t\t\t\t<img decoding=\"async\" width=\"126\" height=\"126\" src=\"https:\/\/observatoriosaludcauca.gov.co\/wp-content\/uploads\/2025\/05\/ICONOS-DE-TRAMITES-07.png\" class=\"attachment-large size-large wp-image-4844\" alt=\"\" \/>\t\t\t\t\t\t\t\t\t\t\t\t\t\t\t<\/div>\n\t\t\t\t<\/div>\n\t\t\t\t<div class=\"elementor-element elementor-element-951bcdb elementor-widget elementor-widget-text-editor\" data-id=\"951bcdb\" data-element_type=\"widget\" data-widget_type=\"text-editor.default\">\n\t\t\t\t<div class=\"elementor-widget-container\">\n\t\t\t\t\t\t\t\t\t<p><a href=\"https:\/\/docs.google.com\/forms\/d\/e\/1FAIpQLSefC0e56zKTSjdgKs8gj4lg2aI_dSPXmezZYjgytSorDIQxIA\/viewform?usp=preview\" target=\"_blank\" rel=\"noopener\">Reporte de Residuos Generados en la Atenci\u00f3n en Salud y Otras Actividades Similares. (RH)<\/a><\/p>\t\t\t\t\t\t\t\t<\/div>\n\t\t\t\t<\/div>\n\t\t\t\t<\/div>\n\t\t<div class=\"elementor-element elementor-element-0942451 e-grid e-con-full e-con e-child\" data-id=\"0942451\" data-element_type=\"container\">\n\t\t\t\t<div class=\"elementor-element elementor-element-33687a5 elementor-widget elementor-widget-image\" data-id=\"33687a5\" data-element_type=\"widget\" data-widget_type=\"image.default\">\n\t\t\t\t<div class=\"elementor-widget-container\">\n\t\t\t\t\t\t\t\t\t\t\t\t\t\t\t<img decoding=\"async\" width=\"126\" height=\"125\" src=\"https:\/\/observatoriosaludcauca.gov.co\/wp-content\/uploads\/2025\/05\/ICONOS-DE-TRAMITES-04.png\" class=\"attachment-large size-large wp-image-4841\" alt=\"\" \/>\t\t\t\t\t\t\t\t\t\t\t\t\t\t\t<\/div>\n\t\t\t\t<\/div>\n\t\t\t\t<div class=\"elementor-element elementor-element-f6b5819 elementor-widget elementor-widget-text-editor\" data-id=\"f6b5819\" data-element_type=\"widget\" data-widget_type=\"text-editor.default\">\n\t\t\t\t<div class=\"elementor-widget-container\">\n\t\t\t\t\t\t\t\t\t<p><a href=\"https:\/\/docs.google.com\/forms\/d\/e\/1FAIpQLSfXmH-e2EMF_kKfBn_IDvWcb2Oh2UBQyulZnCT1BrSqn4MF_g\/viewform?usp=preview\" target=\"_blank\" rel=\"noopener\">Reporte Informe Trimestral para Empresas Aplicadoras de Plaguicidas<\/a><\/p>\t\t\t\t\t\t\t\t<\/div>\n\t\t\t\t<\/div>\n\t\t\t\t<\/div>\n\t\t<div class=\"elementor-element elementor-element-37a4c55 e-grid e-con-full e-con e-child\" data-id=\"37a4c55\" data-element_type=\"container\">\n\t\t\t\t<div class=\"elementor-element elementor-element-d45b0f1 elementor-widget elementor-widget-image\" data-id=\"d45b0f1\" data-element_type=\"widget\" data-widget_type=\"image.default\">\n\t\t\t\t<div class=\"elementor-widget-container\">\n\t\t\t\t\t\t\t\t\t\t\t\t\t\t\t<img loading=\"lazy\" decoding=\"async\" width=\"126\" height=\"126\" src=\"https:\/\/observatoriosaludcauca.gov.co\/wp-content\/uploads\/2025\/05\/ICONOS-DE-TRAMITES-08.png\" class=\"attachment-large size-large wp-image-4845\" alt=\"\" \/>\t\t\t\t\t\t\t\t\t\t\t\t\t\t\t<\/div>\n\t\t\t\t<\/div>\n\t\t\t\t<div class=\"elementor-element elementor-element-3e7617b elementor-widget elementor-widget-text-editor\" data-id=\"3e7617b\" data-element_type=\"widget\" data-widget_type=\"text-editor.default\">\n\t\t\t\t<div class=\"elementor-widget-container\">\n\t\t\t\t\t\t\t\t\t<p><a href=\"https:\/\/docs.google.com\/forms\/d\/e\/1FAIpQLSeD_Q4HJqW95LICV9CWirUlr6HqHiiyuMIeamBYeRM1GTg3lg\/viewform?usp=preview\" target=\"_blank\" rel=\"noopener\">Solicitud de Inscripci\u00f3n Asistente t\u00e9cnico de Empresas Aplicadoras de Plaguicidas<\/a><\/p>\t\t\t\t\t\t\t\t<\/div>\n\t\t\t\t<\/div>\n\t\t\t\t<\/div>\n\t\t<div class=\"elementor-element elementor-element-961a0c4 e-grid e-con-full e-con e-child\" data-id=\"961a0c4\" data-element_type=\"container\">\n\t\t\t\t<div class=\"elementor-element elementor-element-bdb1d54 elementor-widget elementor-widget-image\" data-id=\"bdb1d54\" data-element_type=\"widget\" data-widget_type=\"image.default\">\n\t\t\t\t<div class=\"elementor-widget-container\">\n\t\t\t\t\t\t\t\t\t\t\t\t\t\t\t<img decoding=\"async\" width=\"126\" height=\"126\" src=\"https:\/\/observatoriosaludcauca.gov.co\/wp-content\/uploads\/2025\/05\/ICONOS-DE-TRAMITES-09.png\" class=\"attachment-large size-large wp-image-4846\" alt=\"\" \/>\t\t\t\t\t\t\t\t\t\t\t\t\t\t\t<\/div>\n\t\t\t\t<\/div>\n\t\t\t\t<div class=\"elementor-element elementor-element-c6739fd elementor-widget elementor-widget-text-editor\" data-id=\"c6739fd\" data-element_type=\"widget\" data-widget_type=\"text-editor.default\">\n\t\t\t\t<div class=\"elementor-widget-container\">\n\t\t\t\t\t\t\t\t\t<p><a href=\"https:\/\/docs.google.com\/forms\/d\/e\/1FAIpQLSeR58ZwL1h0P6GYiyibkp7N4ivGXCFFDd-BwqO4ZqsrZb4GGQ\/viewform?usp=preview\" target=\"_blank\" rel=\"noopener\">Solicitud para prestaci\u00f3n de Servicios en los municipios categor\u00eda 4,5,6 del departamento (para EAP de Popay\u00e1n)<\/a><\/p>\t\t\t\t\t\t\t\t<\/div>\n\t\t\t\t<\/div>\n\t\t\t\t<\/div>\n\t\t<div class=\"elementor-element elementor-element-aef6961 e-grid e-con-full e-con e-child\" data-id=\"aef6961\" data-element_type=\"container\">\n\t\t\t\t<div class=\"elementor-element elementor-element-0e40ec8 elementor-widget elementor-widget-image\" data-id=\"0e40ec8\" data-element_type=\"widget\" data-widget_type=\"image.default\">\n\t\t\t\t<div class=\"elementor-widget-container\">\n\t\t\t\t\t\t\t\t\t\t\t\t\t\t\t<img loading=\"lazy\" decoding=\"async\" width=\"126\" height=\"125\" src=\"https:\/\/observatoriosaludcauca.gov.co\/wp-content\/uploads\/2025\/05\/ICONOS-DE-TRAMITES-03.png\" class=\"attachment-large size-large wp-image-4840\" alt=\"\" \/>\t\t\t\t\t\t\t\t\t\t\t\t\t\t\t<\/div>\n\t\t\t\t<\/div>\n\t\t\t\t<div class=\"elementor-element elementor-element-f3b6e16 elementor-widget elementor-widget-text-editor\" data-id=\"f3b6e16\" data-element_type=\"widget\" data-widget_type=\"text-editor.default\">\n\t\t\t\t<div class=\"elementor-widget-container\">\n\t\t\t\t\t\t\t\t\t<p><a href=\"https:\/\/docs.google.com\/forms\/d\/e\/1FAIpQLSdyQdPhUbKmcB9BQ4RkFk1d1k_1Hh10EvC_0gcZRB1rUfuYjg\/viewform?usp=preview\" target=\"_blank\" rel=\"noopener\">Solicitud de Autorizaci\u00f3n para Empresas Aplicadoras de plaguicidas de otros departamentos<\/a><\/p>\t\t\t\t\t\t\t\t<\/div>\n\t\t\t\t<\/div>\n\t\t\t\t<\/div>\n\t\t<div class=\"elementor-element elementor-element-0b8c68c e-grid e-con-full e-con e-child\" data-id=\"0b8c68c\" data-element_type=\"container\">\n\t\t\t\t<div class=\"elementor-element elementor-element-0e5fef3 elementor-widget elementor-widget-image\" data-id=\"0e5fef3\" data-element_type=\"widget\" data-widget_type=\"image.default\">\n\t\t\t\t<div class=\"elementor-widget-container\">\n\t\t\t\t\t\t\t\t\t\t\t\t\t\t\t<img loading=\"lazy\" decoding=\"async\" width=\"126\" height=\"125\" src=\"https:\/\/observatoriosaludcauca.gov.co\/wp-content\/uploads\/2025\/05\/ICONOS-DE-TRAMITES-02.png\" class=\"attachment-large size-large wp-image-4839\" alt=\"\" \/>\t\t\t\t\t\t\t\t\t\t\t\t\t\t\t<\/div>\n\t\t\t\t<\/div>\n\t\t\t\t<div class=\"elementor-element elementor-element-7e0e4ef elementor-widget elementor-widget-text-editor\" data-id=\"7e0e4ef\" data-element_type=\"widget\" data-widget_type=\"text-editor.default\">\n\t\t\t\t<div class=\"elementor-widget-container\">\n\t\t\t\t\t\t\t\t\t<p><a href=\"https:\/\/docs.google.com\/forms\/d\/e\/1FAIpQLSfKw5RfXQ37jhMW9BE_PfmGRlakZkiwI_WIusRE1EtBicUveg\/viewform?usp=previe\" target=\"_blank\" rel=\"noopener\">Solicitud concepto sanitario para Empresas Aplicadoras de Plaguicidas ubicadas en municipio categor\u00eda 4,5,6 del departamento del Cauca<\/a><\/p>\t\t\t\t\t\t\t\t<\/div>\n\t\t\t\t<\/div>\n\t\t\t\t<\/div>\n\t\t<div class=\"elementor-element elementor-element-3c9cbf8 e-grid e-con-full e-con e-child\" data-id=\"3c9cbf8\" data-element_type=\"container\">\n\t\t\t\t<div class=\"elementor-element elementor-element-6ca80fa elementor-widget elementor-widget-image\" data-id=\"6ca80fa\" data-element_type=\"widget\" data-widget_type=\"image.default\">\n\t\t\t\t<div class=\"elementor-widget-container\">\n\t\t\t\t\t\t\t\t\t\t\t\t\t\t\t<img loading=\"lazy\" decoding=\"async\" width=\"126\" height=\"126\" src=\"https:\/\/observatoriosaludcauca.gov.co\/wp-content\/uploads\/2025\/05\/ICONOS-DE-TRAMITES-05.png\" class=\"attachment-large size-large wp-image-4842\" alt=\"\" \/>\t\t\t\t\t\t\t\t\t\t\t\t\t\t\t<\/div>\n\t\t\t\t<\/div>\n\t\t\t\t<div class=\"elementor-element elementor-element-2424f0e elementor-widget elementor-widget-text-editor\" data-id=\"2424f0e\" data-element_type=\"widget\" data-widget_type=\"text-editor.default\">\n\t\t\t\t<div class=\"elementor-widget-container\">\n\t\t\t\t\t\t\t\t\t<p><a href=\"https:\/\/docs.google.com\/spreadsheets\/d\/1OtaGOkghF_h5M23gBiksypy60dA7NbmGhzaoc4SRxQU\/edit?gid=802277597#gid=802277597\" target=\"_blank\" rel=\"noopener\">Listado Empresas Aplicadoras de Plaguicidas Autorizadas por Secretaria de Salud Departamental del Cauca<\/a><\/p>\t\t\t\t\t\t\t\t<\/div>\n\t\t\t\t<\/div>\n\t\t\t\t<\/div>\n\t\t<div class=\"elementor-element elementor-element-6b9f279 e-grid e-con-full e-con e-child\" data-id=\"6b9f279\" data-element_type=\"container\">\n\t\t\t\t<div class=\"elementor-element elementor-element-4e2a874 elementor-widget elementor-widget-image\" data-id=\"4e2a874\" data-element_type=\"widget\" data-widget_type=\"image.default\">\n\t\t\t\t<div class=\"elementor-widget-container\">\n\t\t\t\t\t\t\t\t\t\t\t\t\t\t\t<img loading=\"lazy\" decoding=\"async\" width=\"126\" height=\"125\" src=\"https:\/\/observatoriosaludcauca.gov.co\/wp-content\/uploads\/2025\/05\/ICONOS-DE-TRAMITES-01.png\" class=\"attachment-large size-large wp-image-4838\" alt=\"\" \/>\t\t\t\t\t\t\t\t\t\t\t\t\t\t\t<\/div>\n\t\t\t\t<\/div>\n\t\t\t\t<div class=\"elementor-element elementor-element-d01875e elementor-widget elementor-widget-text-editor\" data-id=\"d01875e\" data-element_type=\"widget\" data-widget_type=\"text-editor.default\">\n\t\t\t\t<div class=\"elementor-widget-container\">\n\t\t\t\t\t\t\t\t\t<p><a href=\"https:\/\/docs.google.com\/forms\/d\/e\/1FAIpQLScvKNFp2oBv2rRzSJQLK-0W3zZtogy0S7mkzHSqlNgz3tbRKQ\/viewform?usp=preview\" target=\"_blank\" rel=\"noopener\">Solicitud de Refrendaci\u00f3n del Carnet para Aplicador de Plaguicidas<\/a><\/p>\t\t\t\t\t\t\t\t<\/div>\n\t\t\t\t<\/div>\n\t\t\t\t<\/div>\n\t\t<div class=\"elementor-element elementor-element-ce31e20 e-grid e-con-full e-con e-child\" data-id=\"ce31e20\" data-element_type=\"container\">\n\t\t\t\t<div class=\"elementor-element elementor-element-8196e4a elementor-widget elementor-widget-image\" data-id=\"8196e4a\" data-element_type=\"widget\" data-widget_type=\"image.default\">\n\t\t\t\t<div class=\"elementor-widget-container\">\n\t\t\t\t\t\t\t\t\t\t\t\t\t\t\t<img decoding=\"async\" width=\"126\" height=\"126\" src=\"https:\/\/observatoriosaludcauca.gov.co\/wp-content\/uploads\/2025\/05\/ICONOS-DE-TRAMITES-09.png\" class=\"attachment-large size-large wp-image-4846\" alt=\"\" \/>\t\t\t\t\t\t\t\t\t\t\t\t\t\t\t<\/div>\n\t\t\t\t<\/div>\n\t\t\t\t<div class=\"elementor-element elementor-element-828b779 elementor-widget elementor-widget-text-editor\" data-id=\"828b779\" data-element_type=\"widget\" data-widget_type=\"text-editor.default\">\n\t\t\t\t<div class=\"elementor-widget-container\">\n\t\t\t\t\t\t\t\t\t<p><a href=\"https:\/\/docs.google.com\/forms\/d\/e\/1FAIpQLSchzemrPG8KRJ4WOKVWwDPtWLlhrimlmkf1pdAnN2qS1ZPyWw\/viewform?usp=preview\" target=\"_blank\" rel=\"noopener\">Inscripci\u00f3n sanitaria para establecimientos de alimentos y bebidas alcoh\u00f3licas<\/a><\/p>\t\t\t\t\t\t\t\t<\/div>\n\t\t\t\t<\/div>\n\t\t\t\t<\/div>\n\t\t<div class=\"elementor-element elementor-element-386411d e-grid e-con-full e-con e-child\" data-id=\"386411d\" data-element_type=\"container\">\n\t\t\t\t<div class=\"elementor-element elementor-element-07d7513 elementor-widget elementor-widget-image\" data-id=\"07d7513\" data-element_type=\"widget\" data-widget_type=\"image.default\">\n\t\t\t\t<div class=\"elementor-widget-container\">\n\t\t\t\t\t\t\t\t\t\t\t\t\t\t\t<img decoding=\"async\" width=\"126\" height=\"126\" src=\"https:\/\/observatoriosaludcauca.gov.co\/wp-content\/uploads\/2025\/05\/ICONOS-DE-TRAMITES-09.png\" class=\"attachment-large size-large wp-image-4846\" alt=\"\" \/>\t\t\t\t\t\t\t\t\t\t\t\t\t\t\t<\/div>\n\t\t\t\t<\/div>\n\t\t\t\t<div class=\"elementor-element elementor-element-f508079 elementor-widget elementor-widget-text-editor\" data-id=\"f508079\" data-element_type=\"widget\" data-widget_type=\"text-editor.default\">\n\t\t\t\t<div class=\"elementor-widget-container\">\n\t\t\t\t\t\t\t\t\t<p><a href=\"https:\/\/observatoriosaludcauca.gov.co\/wp-content\/uploads\/2025\/12\/Circular-No-562-de-2025-1.pdf\" target=\"_blank\" rel=\"noopener\">Plan de contingencia p\u00f3lvora 2025<\/a><\/p>\t\t\t\t\t\t\t\t<\/div>\n\t\t\t\t<\/div>\n\t\t\t\t<\/div>\n\t\t<div class=\"elementor-element elementor-element-ae471ab e-grid e-con-full e-con e-child\" data-id=\"ae471ab\" data-element_type=\"container\">\n\t\t\t\t<div class=\"elementor-element elementor-element-12b1e54 elementor-widget elementor-widget-image\" data-id=\"12b1e54\" data-element_type=\"widget\" data-widget_type=\"image.default\">\n\t\t\t\t<div class=\"elementor-widget-container\">\n\t\t\t\t\t\t\t\t\t\t\t\t\t\t\t<img loading=\"lazy\" decoding=\"async\" width=\"126\" height=\"125\" src=\"https:\/\/observatoriosaludcauca.gov.co\/wp-content\/uploads\/2025\/05\/ICONOS-DE-TRAMITES-03.png\" class=\"attachment-large size-large wp-image-4840\" alt=\"\" \/>\t\t\t\t\t\t\t\t\t\t\t\t\t\t\t<\/div>\n\t\t\t\t<\/div>\n\t\t\t\t<div class=\"elementor-element elementor-element-5bb7ea0 elementor-widget elementor-widget-text-editor\" data-id=\"5bb7ea0\" data-element_type=\"widget\" data-widget_type=\"text-editor.default\">\n\t\t\t\t<div class=\"elementor-widget-container\">\n\t\t\t\t\t\t\t\t\t<p>Est\u00e9tica Facial y Corporal<\/p>\t\t\t\t\t\t\t\t<\/div>\n\t\t\t\t<\/div>\n\t\t\t\t<\/div>\n\t\t\t\t\t<\/div>\n\t\t\t\t<\/div>\n\t\t<div class=\"elementor-element elementor-element-5db4393 e-grid e-con-boxed e-con e-parent\" data-id=\"5db4393\" data-element_type=\"container\">\n\t\t\t\t\t<div class=\"e-con-inner\">\n\t\t\t\t<div class=\"elementor-element elementor-element-b157990 elementor-widget-divider--view-line elementor-widget elementor-widget-divider\" data-id=\"b157990\" data-element_type=\"widget\" data-widget_type=\"divider.default\">\n\t\t\t\t<div class=\"elementor-widget-container\">\n\t\t\t\t\t\t\t<div class=\"elementor-divider\">\n\t\t\t<span class=\"elementor-divider-separator\">\n\t\t\t\t\t\t<\/span>\n\t\t<\/div>\n\t\t\t\t\t\t<\/div>\n\t\t\t\t<\/div>\n\t\t\t\t\t<\/div>\n\t\t\t\t<\/div>\n\t\t<div class=\"elementor-element elementor-element-25f39de e-grid e-con-boxed e-con e-parent\" data-id=\"25f39de\" data-element_type=\"container\">\n\t\t\t\t\t<div class=\"e-con-inner\">\n\t\t\t\t<div class=\"elementor-element elementor-element-6256ac2 elementor-widget-divider--view-line elementor-widget elementor-widget-divider\" data-id=\"6256ac2\" data-element_type=\"widget\" data-widget_type=\"divider.default\">\n\t\t\t\t<div class=\"elementor-widget-container\">\n\t\t\t\t\t\t\t<div class=\"elementor-divider\">\n\t\t\t<span class=\"elementor-divider-separator\">\n\t\t\t\t\t\t<\/span>\n\t\t<\/div>\n\t\t\t\t\t\t<\/div>\n\t\t\t\t<\/div>\n\t\t\t\t\t<\/div>\n\t\t\t\t<\/div>\n\t\t<div class=\"elementor-element elementor-element-72faed8 e-grid e-con-boxed e-con e-parent\" data-id=\"72faed8\" data-element_type=\"container\">\n\t\t\t\t\t<div class=\"e-con-inner\">\n\t\t\t\t<div class=\"elementor-element elementor-element-a8e6a6b elementor-widget-divider--view-line elementor-widget elementor-widget-divider\" data-id=\"a8e6a6b\" data-element_type=\"widget\" data-widget_type=\"divider.default\">\n\t\t\t\t<div class=\"elementor-widget-container\">\n\t\t\t\t\t\t\t<div class=\"elementor-divider\">\n\t\t\t<span class=\"elementor-divider-separator\">\n\t\t\t\t\t\t<\/span>\n\t\t<\/div>\n\t\t\t\t\t\t<\/div>\n\t\t\t\t<\/div>\n\t\t\t\t\t<\/div>\n\t\t\t\t<\/div>\n\t\t\t\t<\/div>\n\t\t","protected":false},"excerpt":{"rendered":"<p>TR\u00c1MITES AMBIENTE- ALIMENTOS Y BEBIDAS Solicitud Autorizaci\u00f3n Sanitaria para Acueductos Rurales Solicitud Autorizaci\u00f3n Sanitaria para Acueductos Urbanos Reporte de Residuos&#8230;<\/p>\n","protected":false},"author":3,"featured_media":0,"parent":0,"menu_order":0,"comment_status":"closed","ping_status":"closed","template":"elementor_canvas","meta":{"footnotes":""},"class_list":["post-14","page","type-page","status-publish","hentry"],"_links":{"self":[{"href":"https:\/\/observatoriosaludcauca.gov.co\/index.php\/wp-json\/wp\/v2\/pages\/14","targetHints":{"allow":["GET"]}}],"collection":[{"href":"https:\/\/observatoriosaludcauca.gov.co\/index.php\/wp-json\/wp\/v2\/pages"}],"about":[{"href":"https:\/\/observatoriosaludcauca.gov.co\/index.php\/wp-json\/wp\/v2\/types\/page"}],"author":[{"embeddable":true,"href":"https:\/\/observatoriosaludcauca.gov.co\/index.php\/wp-json\/wp\/v2\/users\/3"}],"replies":[{"embeddable":true,"href":"https:\/\/observatoriosaludcauca.gov.co\/index.php\/wp-json\/wp\/v2\/comments?post=14"}],"version-history":[{"count":208,"href":"https:\/\/observatoriosaludcauca.gov.co\/index.php\/wp-json\/wp\/v2\/pages\/14\/revisions"}],"predecessor-version":[{"id":9831,"href":"https:\/\/observatoriosaludcauca.gov.co\/index.php\/wp-json\/wp\/v2\/pages\/14\/revisions\/9831"}],"wp:attachment":[{"href":"https:\/\/observatoriosaludcauca.gov.co\/index.php\/wp-json\/wp\/v2\/media?parent=14"}],"curies":[{"name":"wp","href":"https:\/\/api.w.org\/{rel}","templated":true}]}}