{"id":1181,"date":"2025-04-04T20:42:14","date_gmt":"2025-04-05T01:42:14","guid":{"rendered":"https:\/\/observatoriosaludcauca.gov.co\/?page_id=1181"},"modified":"2025-07-27T18:54:12","modified_gmt":"2025-07-27T23:54:12","slug":"alimentos_bebidas","status":"publish","type":"page","link":"https:\/\/observatoriosaludcauca.gov.co\/index.php\/alimentos_bebidas\/","title":{"rendered":"ALIMENTOS Y BEBIDAS ALCOH\u00d3LICAS"},"content":{"rendered":"\t\t<div data-elementor-type=\"wp-page\" data-elementor-id=\"1181\" class=\"elementor elementor-1181\">\n\t\t\t\t<div class=\"elementor-element elementor-element-7a41f04 e-flex e-con-boxed e-con e-parent\" data-id=\"7a41f04\" data-element_type=\"container\">\n\t\t\t\t\t<div class=\"e-con-inner\">\n\t\t\t\t<div class=\"elementor-element elementor-element-2762373 elementor-widget elementor-widget-heading\" data-id=\"2762373\" data-element_type=\"widget\" data-widget_type=\"heading.default\">\n\t\t\t\t<div class=\"elementor-widget-container\">\n\t\t\t\t\t<h2 class=\"elementor-heading-title elementor-size-default\"><span>ALIMENTOS Y BEBIDAS ALCOH\u00d3LICAS<\/span><\/h2>\t\t\t\t<\/div>\n\t\t\t\t<\/div>\n\t\t\t\t<div class=\"elementor-element elementor-element-04975a4 elementor-widget elementor-widget-image\" data-id=\"04975a4\" data-element_type=\"widget\" data-widget_type=\"image.default\">\n\t\t\t\t<div class=\"elementor-widget-container\">\n\t\t\t\t\t\t\t\t\t\t\t\t\t\t\t<img decoding=\"async\" src=\"https:\/\/observatoriosaludcauca.gov.co\/wp-content\/uploads\/2025\/07\/Diseno-sin-titulo-1366x560.png\" title=\"Dise\u00f1o sin t\u00edtulo\" alt=\"Dise\u00f1o sin t\u00edtulo\" loading=\"lazy\" \/>\t\t\t\t\t\t\t\t\t\t\t\t\t\t\t<\/div>\n\t\t\t\t<\/div>\n\t\t\t\t\t<\/div>\n\t\t\t\t<\/div>\n\t\t<div class=\"elementor-element elementor-element-f38c227 e-grid e-con-full e-con e-parent\" data-id=\"f38c227\" data-element_type=\"container\">\n\t\t\t\t<div class=\"elementor-element elementor-element-60b11df elementor-position-top elementor-widget elementor-widget-image-box\" data-id=\"60b11df\" data-element_type=\"widget\" data-widget_type=\"image-box.default\">\n\t\t\t\t<div class=\"elementor-widget-container\">\n\t\t\t\t\t<div class=\"elementor-image-box-wrapper\"><figure class=\"elementor-image-box-img\"><a href=\"https:\/\/observatoriosaludcauca.gov.co\/index.php\/establecimientos-de-alimentos\/\" tabindex=\"-1\"><img decoding=\"async\" width=\"189\" height=\"170\" src=\"https:\/\/observatoriosaludcauca.gov.co\/wp-content\/uploads\/2025\/04\/PRUEBA-011-SIN-SALTO-01.png\" class=\"attachment-full size-full wp-image-1823\" alt=\"\" \/><\/a><\/figure><div class=\"elementor-image-box-content\"><p class=\"elementor-image-box-description\"><a href=\"https:\/\/observatoriosaludcauca.gov.co\/index.php\/establecimientos-de-alimentos\/\">Establecimientos De Alimentos<\/a>\n\n<\/p><\/div><\/div>\t\t\t\t<\/div>\n\t\t\t\t<\/div>\n\t\t\t\t<div class=\"elementor-element elementor-element-e9b226d elementor-position-top elementor-widget elementor-widget-image-box\" data-id=\"e9b226d\" data-element_type=\"widget\" data-widget_type=\"image-box.default\">\n\t\t\t\t<div class=\"elementor-widget-container\">\n\t\t\t\t\t<div class=\"elementor-image-box-wrapper\"><figure class=\"elementor-image-box-img\"><a href=\"https:\/\/observatoriosaludcauca.gov.co\/index.php\/expendio-y-almacenamiento\/\" tabindex=\"-1\"><img decoding=\"async\" width=\"190\" height=\"170\" src=\"https:\/\/observatoriosaludcauca.gov.co\/wp-content\/uploads\/2025\/04\/ERICA-07-01.png\" class=\"attachment-full size-full wp-image-1810\" alt=\"\" \/><\/a><\/figure><div class=\"elementor-image-box-content\"><p class=\"elementor-image-box-description\"><a href=\"https:\/\/observatoriosaludcauca.gov.co\/index.php\/expendio-y-almacenamiento\/\">Carnes y Productos C\u00e1rnicos Comestibles<\/a><\/p><\/div><\/div>\t\t\t\t<\/div>\n\t\t\t\t<\/div>\n\t\t\t\t<div class=\"elementor-element elementor-element-56f7311 elementor-position-top elementor-widget elementor-widget-image-box\" data-id=\"56f7311\" data-element_type=\"widget\" data-widget_type=\"image-box.default\">\n\t\t\t\t<div class=\"elementor-widget-container\">\n\t\t\t\t\t<div class=\"elementor-image-box-wrapper\"><figure class=\"elementor-image-box-img\"><a href=\"https:\/\/observatoriosaludcauca.gov.co\/index.php\/expendio-de-bebidas-alcoholicas\/\" tabindex=\"-1\"><img decoding=\"async\" width=\"190\" height=\"170\" src=\"https:\/\/observatoriosaludcauca.gov.co\/wp-content\/uploads\/2025\/04\/TAMANOS-BASE-DE-ICONOS-03.png\" class=\"attachment-full size-full wp-image-1924\" alt=\"\" \/><\/a><\/figure><div class=\"elementor-image-box-content\"><p class=\"elementor-image-box-description\"><a href=\"https:\/\/observatoriosaludcauca.gov.co\/index.php\/expendio-de-bebidas-alcoholicas\/\">Expendio de Bebidas Alcoh\u00f3licas<\/a>\n\n<\/p><\/div><\/div>\t\t\t\t<\/div>\n\t\t\t\t<\/div>\n\t\t\t\t<\/div>\n\t\t<div class=\"elementor-element elementor-element-5b6a05c e-flex e-con-boxed e-con e-parent\" data-id=\"5b6a05c\" data-element_type=\"container\">\n\t\t\t\t\t<div class=\"e-con-inner\">\n\t\t\t\t<div class=\"elementor-element elementor-element-4fec223 elementor-widget-divider--view-line elementor-widget elementor-widget-divider\" data-id=\"4fec223\" data-element_type=\"widget\" data-widget_type=\"divider.default\">\n\t\t\t\t<div class=\"elementor-widget-container\">\n\t\t\t\t\t\t\t<div class=\"elementor-divider\">\n\t\t\t<span class=\"elementor-divider-separator\">\n\t\t\t\t\t\t<\/span>\n\t\t<\/div>\n\t\t\t\t\t\t<\/div>\n\t\t\t\t<\/div>\n\t\t\t\t\t<\/div>\n\t\t\t\t<\/div>\n\t\t\t\t<\/div>\n\t\t","protected":false},"excerpt":{"rendered":"<p>ALIMENTOS Y BEBIDAS ALCOH\u00d3LICAS Establecimientos De Alimentos Carnes y Productos C\u00e1rnicos Comestibles Expendio de Bebidas Alcoh\u00f3licas<\/p>\n","protected":false},"author":3,"featured_media":0,"parent":0,"menu_order":0,"comment_status":"closed","ping_status":"closed","template":"elementor_canvas","meta":{"footnotes":""},"class_list":["post-1181","page","type-page","status-publish","hentry"],"_links":{"self":[{"href":"https:\/\/observatoriosaludcauca.gov.co\/index.php\/wp-json\/wp\/v2\/pages\/1181","targetHints":{"allow":["GET"]}}],"collection":[{"href":"https:\/\/observatoriosaludcauca.gov.co\/index.php\/wp-json\/wp\/v2\/pages"}],"about":[{"href":"https:\/\/observatoriosaludcauca.gov.co\/index.php\/wp-json\/wp\/v2\/types\/page"}],"author":[{"embeddable":true,"href":"https:\/\/observatoriosaludcauca.gov.co\/index.php\/wp-json\/wp\/v2\/users\/3"}],"replies":[{"embeddable":true,"href":"https:\/\/observatoriosaludcauca.gov.co\/index.php\/wp-json\/wp\/v2\/comments?post=1181"}],"version-history":[{"count":368,"href":"https:\/\/observatoriosaludcauca.gov.co\/index.php\/wp-json\/wp\/v2\/pages\/1181\/revisions"}],"predecessor-version":[{"id":7159,"href":"https:\/\/observatoriosaludcauca.gov.co\/index.php\/wp-json\/wp\/v2\/pages\/1181\/revisions\/7159"}],"wp:attachment":[{"href":"https:\/\/observatoriosaludcauca.gov.co\/index.php\/wp-json\/wp\/v2\/media?parent=1181"}],"curies":[{"name":"wp","href":"https:\/\/api.w.org\/{rel}","templated":true}]}}