{"id":1137,"date":"2025-04-04T20:07:40","date_gmt":"2025-04-05T01:07:40","guid":{"rendered":"https:\/\/observatoriosaludcauca.gov.co\/?page_id=1137"},"modified":"2026-04-10T20:05:56","modified_gmt":"2026-04-11T01:05:56","slug":"ambiente","status":"publish","type":"page","link":"https:\/\/observatoriosaludcauca.gov.co\/index.php\/ambiente\/","title":{"rendered":"AMBIENTE"},"content":{"rendered":"\t\t<div data-elementor-type=\"wp-page\" data-elementor-id=\"1137\" class=\"elementor elementor-1137\">\n\t\t\t\t<div class=\"elementor-element elementor-element-4273626 e-con-full e-flex e-con e-parent\" data-id=\"4273626\" data-element_type=\"container\">\n\t\t\t\t<div class=\"elementor-element elementor-element-b27d062 elementor-widget elementor-widget-heading\" data-id=\"b27d062\" data-element_type=\"widget\" data-widget_type=\"heading.default\">\n\t\t\t\t<div class=\"elementor-widget-container\">\n\t\t\t\t\t<h2 class=\"elementor-heading-title elementor-size-default\">AMBIENTE<\/h2>\t\t\t\t<\/div>\n\t\t\t\t<\/div>\n\t\t\t\t<div class=\"elementor-element elementor-element-795ca08 elementor-widget elementor-widget-image\" data-id=\"795ca08\" data-element_type=\"widget\" data-widget_type=\"image.default\">\n\t\t\t\t<div class=\"elementor-widget-container\">\n\t\t\t\t\t\t\t\t\t\t\t\t\t\t\t<img decoding=\"async\" src=\"https:\/\/observatoriosaludcauca.gov.co\/wp-content\/uploads\/2025\/07\/Diseno-sin-titulo-4-2-1366x560.png\" title=\"Dise\u00f1o sin t\u00edtulo (4) (2)\" alt=\"Dise\u00f1o sin t\u00edtulo (4) (2)\" loading=\"lazy\" \/>\t\t\t\t\t\t\t\t\t\t\t\t\t\t\t<\/div>\n\t\t\t\t<\/div>\n\t\t\t\t<\/div>\n\t\t<div class=\"elementor-element elementor-element-a0cb686 e-grid e-con-full e-con e-parent\" data-id=\"a0cb686\" data-element_type=\"container\">\n\t\t\t\t<div class=\"elementor-element elementor-element-55a4fae elementor-position-top elementor-widget elementor-widget-image-box\" data-id=\"55a4fae\" data-element_type=\"widget\" data-widget_type=\"image-box.default\">\n\t\t\t\t<div class=\"elementor-widget-container\">\n\t\t\t\t\t<div class=\"elementor-image-box-wrapper\"><figure class=\"elementor-image-box-img\"><a href=\"https:\/\/observatoriosaludcauca.gov.co\/index.php\/seguridad_quimica\/\" tabindex=\"-1\"><img decoding=\"async\" width=\"190\" height=\"170\" src=\"https:\/\/observatoriosaludcauca.gov.co\/wp-content\/uploads\/2025\/04\/iconos-ambiente-01.png\" class=\"attachment-full size-full wp-image-1832\" alt=\"\" \/><\/a><\/figure><div class=\"elementor-image-box-content\"><p class=\"elementor-image-box-description\"><a href=\"https:\/\/observatoriosaludcauca.gov.co\/index.php\/seguridad_quimica\/\">Seguridad Qu\u00edmica<\/a><\/p><\/div><\/div>\t\t\t\t<\/div>\n\t\t\t\t<\/div>\n\t\t\t\t<div class=\"elementor-element elementor-element-b052218 elementor-position-top elementor-widget elementor-widget-image-box\" data-id=\"b052218\" data-element_type=\"widget\" data-widget_type=\"image-box.default\">\n\t\t\t\t<div class=\"elementor-widget-container\">\n\t\t\t\t\t<div class=\"elementor-image-box-wrapper\"><figure class=\"elementor-image-box-img\"><a href=\"https:\/\/observatoriosaludcauca.gov.co\/index.php\/calidad-del-agua\/\" tabindex=\"-1\"><img decoding=\"async\" width=\"189\" height=\"170\" src=\"https:\/\/observatoriosaludcauca.gov.co\/wp-content\/uploads\/2025\/04\/iconos-ambiente-02.png\" class=\"attachment-full size-full wp-image-1838\" alt=\"\" \/><\/a><\/figure><div class=\"elementor-image-box-content\"><p class=\"elementor-image-box-description\"><a href=\"https:\/\/observatoriosaludcauca.gov.co\/index.php\/calidad-del-agua\/\">Calidad de Agua<\/a><\/p><\/div><\/div>\t\t\t\t<\/div>\n\t\t\t\t<\/div>\n\t\t\t\t<div class=\"elementor-element elementor-element-d80da5a elementor-position-top elementor-widget elementor-widget-image-box\" data-id=\"d80da5a\" data-element_type=\"widget\" data-widget_type=\"image-box.default\">\n\t\t\t\t<div class=\"elementor-widget-container\">\n\t\t\t\t\t<div class=\"elementor-image-box-wrapper\"><figure class=\"elementor-image-box-img\"><a href=\"https:\/\/observatoriosaludcauca.gov.co\/index.php\/morgues-y-cementerios\/\" tabindex=\"-1\"><img decoding=\"async\" width=\"190\" height=\"170\" src=\"https:\/\/observatoriosaludcauca.gov.co\/wp-content\/uploads\/2025\/04\/iconos-ambiente-03.png\" class=\"attachment-full size-full wp-image-1839\" alt=\"\" \/><\/a><\/figure><div class=\"elementor-image-box-content\"><p class=\"elementor-image-box-description\"><a href=\"https:\/\/observatoriosaludcauca.gov.co\/index.php\/morgues-y-cementerios\/\">Morgues y Cementerios<\/a><\/p><\/div><\/div>\t\t\t\t<\/div>\n\t\t\t\t<\/div>\n\t\t\t\t<div class=\"elementor-element elementor-element-cb2aacc elementor-position-top elementor-widget elementor-widget-image-box\" data-id=\"cb2aacc\" data-element_type=\"widget\" data-widget_type=\"image-box.default\">\n\t\t\t\t<div class=\"elementor-widget-container\">\n\t\t\t\t\t<div class=\"elementor-image-box-wrapper\"><figure class=\"elementor-image-box-img\"><a href=\"https:\/\/observatoriosaludcauca.gov.co\/index.php\/piscinas\/\" tabindex=\"-1\"><img loading=\"lazy\" decoding=\"async\" width=\"189\" height=\"170\" src=\"https:\/\/observatoriosaludcauca.gov.co\/wp-content\/uploads\/2025\/04\/iconos-ambiente-04.png\" class=\"attachment-full size-full wp-image-1840\" alt=\"\" \/><\/a><\/figure><div class=\"elementor-image-box-content\"><p class=\"elementor-image-box-description\"><a href=\"https:\/\/observatoriosaludcauca.gov.co\/index.php\/piscinas\/\">Piscinas<\/a><\/p><\/div><\/div>\t\t\t\t<\/div>\n\t\t\t\t<\/div>\n\t\t\t\t<div class=\"elementor-element elementor-element-86bf307 elementor-position-top elementor-widget elementor-widget-image-box\" data-id=\"86bf307\" data-element_type=\"widget\" data-widget_type=\"image-box.default\">\n\t\t\t\t<div class=\"elementor-widget-container\">\n\t\t\t\t\t<div class=\"elementor-image-box-wrapper\"><figure class=\"elementor-image-box-img\"><a href=\"https:\/\/observatoriosaludcauca.gov.co\/index.php\/ambiente_entornos-saludables\/\" tabindex=\"-1\"><img loading=\"lazy\" decoding=\"async\" width=\"189\" height=\"170\" src=\"https:\/\/observatoriosaludcauca.gov.co\/wp-content\/uploads\/2025\/04\/iconos-ambiente-05-1.png\" class=\"attachment-full size-full wp-image-1849\" alt=\"\" \/><\/a><\/figure><div class=\"elementor-image-box-content\"><p class=\"elementor-image-box-description\"><a href=\"https:\/\/observatoriosaludcauca.gov.co\/index.php\/ambiente_entornos-saludables\/\">Entornos Saludables<\/a><\/p><\/div><\/div>\t\t\t\t<\/div>\n\t\t\t\t<\/div>\n\t\t\t\t<div class=\"elementor-element elementor-element-cdaef08 elementor-position-top elementor-widget elementor-widget-image-box\" data-id=\"cdaef08\" data-element_type=\"widget\" data-widget_type=\"image-box.default\">\n\t\t\t\t<div class=\"elementor-widget-container\">\n\t\t\t\t\t<div class=\"elementor-image-box-wrapper\"><figure class=\"elementor-image-box-img\"><a href=\"https:\/\/observatoriosaludcauca.gov.co\/index.php\/ambiente_residuos-en-atencion-de-salud\/\" tabindex=\"-1\"><img loading=\"lazy\" decoding=\"async\" width=\"190\" height=\"170\" src=\"https:\/\/observatoriosaludcauca.gov.co\/wp-content\/uploads\/2025\/04\/iconos-ambiente-06.png\" class=\"attachment-full size-full wp-image-1851\" alt=\"\" \/><\/a><\/figure><div class=\"elementor-image-box-content\"><p class=\"elementor-image-box-description\"><a href=\"https:\/\/observatoriosaludcauca.gov.co\/index.php\/ambiente_residuos-en-atencion-de-salud\/\">Residuos en Atenci\u00f3n de Salud<\/a><\/p><\/div><\/div>\t\t\t\t<\/div>\n\t\t\t\t<\/div>\n\t\t\t\t<div class=\"elementor-element elementor-element-c282918 elementor-position-top elementor-widget elementor-widget-image-box\" data-id=\"c282918\" data-element_type=\"widget\" data-widget_type=\"image-box.default\">\n\t\t\t\t<div class=\"elementor-widget-container\">\n\t\t\t\t\t<div class=\"elementor-image-box-wrapper\"><figure class=\"elementor-image-box-img\"><a href=\"https:\/\/observatoriosaludcauca.gov.co\/index.php\/ambiente_estetica\/\" tabindex=\"-1\"><img loading=\"lazy\" decoding=\"async\" width=\"377\" height=\"340\" src=\"https:\/\/observatoriosaludcauca.gov.co\/wp-content\/uploads\/2026\/03\/ICONOS-AMBIENTE-07.png\" class=\"attachment-full size-full wp-image-9767\" alt=\"\" srcset=\"https:\/\/observatoriosaludcauca.gov.co\/wp-content\/uploads\/2026\/03\/ICONOS-AMBIENTE-07.png 377w, https:\/\/observatoriosaludcauca.gov.co\/wp-content\/uploads\/2026\/03\/ICONOS-AMBIENTE-07-300x271.png 300w\" sizes=\"(max-width: 377px) 100vw, 377px\" \/><\/a><\/figure><div class=\"elementor-image-box-content\"><p class=\"elementor-image-box-description\"><a href=\"https:\/\/observatoriosaludcauca.gov.co\/index.php\/ambiente_estetica\/\">Est\u00e9tica Facial y Corporal<\/a>\n<\/p><\/div><\/div>\t\t\t\t<\/div>\n\t\t\t\t<\/div>\n\t\t\t\t<div class=\"elementor-element elementor-element-1e83d97 elementor-position-top elementor-widget elementor-widget-image-box\" data-id=\"1e83d97\" data-element_type=\"widget\" data-widget_type=\"image-box.default\">\n\t\t\t\t<div class=\"elementor-widget-container\">\n\t\t\t\t\t<div class=\"elementor-image-box-wrapper\"><figure class=\"elementor-image-box-img\"><a href=\"https:\/\/observatoriosaludcauca.gov.co\/index.php\/ambiente_modelo_aseguramiento\/%20\" tabindex=\"-1\"><img loading=\"lazy\" decoding=\"async\" width=\"378\" height=\"340\" src=\"https:\/\/observatoriosaludcauca.gov.co\/wp-content\/uploads\/2026\/03\/ICONOS-AMBIENTE-08.png\" class=\"attachment-full size-full wp-image-9768\" alt=\"\" srcset=\"https:\/\/observatoriosaludcauca.gov.co\/wp-content\/uploads\/2026\/03\/ICONOS-AMBIENTE-08.png 378w, https:\/\/observatoriosaludcauca.gov.co\/wp-content\/uploads\/2026\/03\/ICONOS-AMBIENTE-08-300x270.png 300w\" sizes=\"(max-width: 378px) 100vw, 378px\" \/><\/a><\/figure><div class=\"elementor-image-box-content\"><p class=\"elementor-image-box-description\"><a href=\"https:\/\/observatoriosaludcauca.gov.co\/index.php\/ambiente_modelo_aseguramiento\/\">Modelo Aseguramiento Cadenas Productivas<\/a>\n\n<\/p><\/div><\/div>\t\t\t\t<\/div>\n\t\t\t\t<\/div>\n\t\t\t\t<\/div>\n\t\t<div class=\"elementor-element elementor-element-22cf7f2 e-flex e-con-boxed e-con e-parent\" data-id=\"22cf7f2\" data-element_type=\"container\">\n\t\t\t\t\t<div class=\"e-con-inner\">\n\t\t\t\t<div class=\"elementor-element elementor-element-1f7780c elementor-widget__width-inherit elementor-widget-divider--view-line elementor-widget elementor-widget-divider\" data-id=\"1f7780c\" data-element_type=\"widget\" data-widget_type=\"divider.default\">\n\t\t\t\t<div class=\"elementor-widget-container\">\n\t\t\t\t\t\t\t<div class=\"elementor-divider\">\n\t\t\t<span class=\"elementor-divider-separator\">\n\t\t\t\t\t\t<\/span>\n\t\t<\/div>\n\t\t\t\t\t\t<\/div>\n\t\t\t\t<\/div>\n\t\t\t\t\t<\/div>\n\t\t\t\t<\/div>\n\t\t\t\t<\/div>\n\t\t","protected":false},"excerpt":{"rendered":"<p>AMBIENTE Seguridad Qu\u00edmica Calidad de Agua Morgues y Cementerios Piscinas Entornos Saludables Residuos en Atenci\u00f3n de Salud Est\u00e9tica Facial y&#8230;<\/p>\n","protected":false},"author":3,"featured_media":0,"parent":0,"menu_order":0,"comment_status":"closed","ping_status":"closed","template":"elementor_canvas","meta":{"footnotes":""},"class_list":["post-1137","page","type-page","status-publish","hentry"],"_links":{"self":[{"href":"https:\/\/observatoriosaludcauca.gov.co\/index.php\/wp-json\/wp\/v2\/pages\/1137","targetHints":{"allow":["GET"]}}],"collection":[{"href":"https:\/\/observatoriosaludcauca.gov.co\/index.php\/wp-json\/wp\/v2\/pages"}],"about":[{"href":"https:\/\/observatoriosaludcauca.gov.co\/index.php\/wp-json\/wp\/v2\/types\/page"}],"author":[{"embeddable":true,"href":"https:\/\/observatoriosaludcauca.gov.co\/index.php\/wp-json\/wp\/v2\/users\/3"}],"replies":[{"embeddable":true,"href":"https:\/\/observatoriosaludcauca.gov.co\/index.php\/wp-json\/wp\/v2\/comments?post=1137"}],"version-history":[{"count":295,"href":"https:\/\/observatoriosaludcauca.gov.co\/index.php\/wp-json\/wp\/v2\/pages\/1137\/revisions"}],"predecessor-version":[{"id":9917,"href":"https:\/\/observatoriosaludcauca.gov.co\/index.php\/wp-json\/wp\/v2\/pages\/1137\/revisions\/9917"}],"wp:attachment":[{"href":"https:\/\/observatoriosaludcauca.gov.co\/index.php\/wp-json\/wp\/v2\/media?parent=1137"}],"curies":[{"name":"wp","href":"https:\/\/api.w.org\/{rel}","templated":true}]}}