{"id":10,"date":"2025-03-26T20:01:54","date_gmt":"2025-03-26T20:01:54","guid":{"rendered":"https:\/\/observatoriosaludcauca.gov.co\/index.php\/services\/"},"modified":"2025-07-19T08:27:12","modified_gmt":"2025-07-19T13:27:12","slug":"componentes","status":"publish","type":"page","link":"https:\/\/observatoriosaludcauca.gov.co\/index.php\/componentes\/","title":{"rendered":"Componentes"},"content":{"rendered":"\t\t<div data-elementor-type=\"wp-page\" data-elementor-id=\"10\" class=\"elementor elementor-10\">\n\t\t\t\t<div class=\"elementor-element elementor-element-8acd101 e-flex e-con-boxed e-con e-parent\" data-id=\"8acd101\" data-element_type=\"container\">\n\t\t\t\t\t<div class=\"e-con-inner\">\n\t\t\t\t<div class=\"elementor-element elementor-element-065531e elementor-widget elementor-widget-heading\" data-id=\"065531e\" data-element_type=\"widget\" data-widget_type=\"heading.default\">\n\t\t\t\t<div class=\"elementor-widget-container\">\n\t\t\t\t\t<h2 class=\"elementor-heading-title elementor-size-default\">SALUD AMBIENTAL<\/h2>\t\t\t\t<\/div>\n\t\t\t\t<\/div>\n\t\t\t\t\t<\/div>\n\t\t\t\t<\/div>\n\t\t<div class=\"elementor-element elementor-element-31ec616 e-flex e-con-boxed e-con e-parent\" data-id=\"31ec616\" data-element_type=\"container\">\n\t\t\t\t\t<div class=\"e-con-inner\">\n\t\t\t\t<div class=\"elementor-element elementor-element-8cc382e elementor-widget elementor-widget-text-editor\" data-id=\"8cc382e\" data-element_type=\"widget\" data-widget_type=\"text-editor.default\">\n\t\t\t\t<div class=\"elementor-widget-container\">\n\t\t\t\t\t\t\t\t\t<p>Seg\u00fan el ministerio de Salud y protecci\u00f3n social, el concepto de salud ambiental propone una reflexi\u00f3n sobre la interacci\u00f3n entre los grupos humanos y los factores f\u00edsicos, qu\u00edmicos, biol\u00f3gicos y sociales que se encuentran en el medio que habita y que a su vez se encuentra modulado por la estructura social. En ese sentido, el \u00e1rea de la salud ambiental explora las pr\u00e1cticas de uso, manipulaci\u00f3n, apropiaci\u00f3n y explotaci\u00f3n de los componentes ambientales, y su relaci\u00f3n con los efectos en salud humana, en la idea de que esas pr\u00e1cticas deben resolver las necesidades de las actuales generaciones, sin minar la posibilidad de que futuras generaciones tambi\u00e9n lo puedan hacer.<\/p><p>La Secretaria de Salud departamental del Cauca en cumplimiento de normatividad sanitaria vigente realiza la intervenci\u00f3n en los determinantes socio-ambientales que pueden incidir en la salud de la poblaci\u00f3n caucana a trav\u00e9s de los modelos de fiscalizaci\u00f3n sanitaria y modelo de aseguramiento de cadenas productivas, dichas acciones en\u00a0 articulaci\u00f3n\u00a0 con las diferentes entidades de orden territorial, Departamental y Nacional.<\/p>\t\t\t\t\t\t\t\t<\/div>\n\t\t\t\t<\/div>\n\t\t\t\t\t<\/div>\n\t\t\t\t<\/div>\n\t\t<div class=\"elementor-element elementor-element-c9a8d67 e-grid e-con-full e-con e-parent\" data-id=\"c9a8d67\" data-element_type=\"container\">\n\t\t\t\t<div class=\"elementor-element elementor-element-7bec9d7 elementor-widget elementor-widget-image\" data-id=\"7bec9d7\" data-element_type=\"widget\" data-widget_type=\"image.default\">\n\t\t\t\t<div class=\"elementor-widget-container\">\n\t\t\t\t\t\t\t\t\t\t\t\t\t\t\t\t<a href=\"https:\/\/observatoriosaludcauca.gov.co\/index.php\/alimentos_bebidas\/\">\n\t\t\t\t\t\t\t<img decoding=\"async\" width=\"300\" height=\"106\" src=\"https:\/\/observatoriosaludcauca.gov.co\/wp-content\/uploads\/2025\/05\/ALIMENTOS-Y-BEBIDAS-ALCOHOLICAS-300x106.png\" class=\"attachment-medium size-medium wp-image-3510\" alt=\"\" srcset=\"https:\/\/observatoriosaludcauca.gov.co\/wp-content\/uploads\/2025\/05\/ALIMENTOS-Y-BEBIDAS-ALCOHOLICAS-300x106.png 300w, https:\/\/observatoriosaludcauca.gov.co\/wp-content\/uploads\/2025\/05\/ALIMENTOS-Y-BEBIDAS-ALCOHOLICAS-1024x362.png 1024w, https:\/\/observatoriosaludcauca.gov.co\/wp-content\/uploads\/2025\/05\/ALIMENTOS-Y-BEBIDAS-ALCOHOLICAS-768x272.png 768w, https:\/\/observatoriosaludcauca.gov.co\/wp-content\/uploads\/2025\/05\/ALIMENTOS-Y-BEBIDAS-ALCOHOLICAS-1536x543.png 1536w, https:\/\/observatoriosaludcauca.gov.co\/wp-content\/uploads\/2025\/05\/ALIMENTOS-Y-BEBIDAS-ALCOHOLICAS.png 1694w\" sizes=\"(max-width: 300px) 100vw, 300px\" \/>\t\t\t\t\t\t\t\t<\/a>\n\t\t\t\t\t\t\t\t\t\t\t\t\t\t\t<\/div>\n\t\t\t\t<\/div>\n\t\t\t\t<div class=\"elementor-element elementor-element-56fc59f elementor-widget elementor-widget-image\" data-id=\"56fc59f\" data-element_type=\"widget\" data-widget_type=\"image.default\">\n\t\t\t\t<div class=\"elementor-widget-container\">\n\t\t\t\t\t\t\t\t\t\t\t\t\t\t\t\t<a href=\"https:\/\/observatoriosaludcauca.gov.co\/index.php\/ambiente\/\">\n\t\t\t\t\t\t\t<img decoding=\"async\" width=\"300\" height=\"106\" src=\"https:\/\/observatoriosaludcauca.gov.co\/wp-content\/uploads\/2025\/05\/AMBIENTE-300x106.png\" class=\"attachment-medium size-medium wp-image-3432\" alt=\"\" srcset=\"https:\/\/observatoriosaludcauca.gov.co\/wp-content\/uploads\/2025\/05\/AMBIENTE-300x106.png 300w, https:\/\/observatoriosaludcauca.gov.co\/wp-content\/uploads\/2025\/05\/AMBIENTE-1024x361.png 1024w, https:\/\/observatoriosaludcauca.gov.co\/wp-content\/uploads\/2025\/05\/AMBIENTE-768x271.png 768w, https:\/\/observatoriosaludcauca.gov.co\/wp-content\/uploads\/2025\/05\/AMBIENTE-1536x542.png 1536w, https:\/\/observatoriosaludcauca.gov.co\/wp-content\/uploads\/2025\/05\/AMBIENTE.png 1694w\" sizes=\"(max-width: 300px) 100vw, 300px\" \/>\t\t\t\t\t\t\t\t<\/a>\n\t\t\t\t\t\t\t\t\t\t\t\t\t\t\t<\/div>\n\t\t\t\t<\/div>\n\t\t\t\t<div class=\"elementor-element elementor-element-a82dd58 elementor-widget elementor-widget-image\" data-id=\"a82dd58\" data-element_type=\"widget\" data-widget_type=\"image.default\">\n\t\t\t\t<div class=\"elementor-widget-container\">\n\t\t\t\t\t\t\t\t\t\t\t\t\t\t\t<img decoding=\"async\" width=\"300\" height=\"106\" src=\"https:\/\/observatoriosaludcauca.gov.co\/wp-content\/uploads\/2025\/05\/ETV-300x106.png\" class=\"attachment-medium size-medium wp-image-3511\" alt=\"\" srcset=\"https:\/\/observatoriosaludcauca.gov.co\/wp-content\/uploads\/2025\/05\/ETV-300x106.png 300w, https:\/\/observatoriosaludcauca.gov.co\/wp-content\/uploads\/2025\/05\/ETV-1024x362.png 1024w, https:\/\/observatoriosaludcauca.gov.co\/wp-content\/uploads\/2025\/05\/ETV-768x272.png 768w, https:\/\/observatoriosaludcauca.gov.co\/wp-content\/uploads\/2025\/05\/ETV-1536x543.png 1536w, https:\/\/observatoriosaludcauca.gov.co\/wp-content\/uploads\/2025\/05\/ETV.png 1694w\" sizes=\"(max-width: 300px) 100vw, 300px\" \/>\t\t\t\t\t\t\t\t\t\t\t\t\t\t\t<\/div>\n\t\t\t\t<\/div>\n\t\t\t\t<div class=\"elementor-element elementor-element-b3ddb8d elementor-widget elementor-widget-image\" data-id=\"b3ddb8d\" data-element_type=\"widget\" data-widget_type=\"image.default\">\n\t\t\t\t<div class=\"elementor-widget-container\">\n\t\t\t\t\t\t\t\t\t\t\t\t\t\t\t<img loading=\"lazy\" decoding=\"async\" width=\"300\" height=\"106\" src=\"https:\/\/observatoriosaludcauca.gov.co\/wp-content\/uploads\/2025\/05\/MEDICAMENTOS-300x106.png\" class=\"attachment-medium size-medium wp-image-3512\" alt=\"\" srcset=\"https:\/\/observatoriosaludcauca.gov.co\/wp-content\/uploads\/2025\/05\/MEDICAMENTOS-300x106.png 300w, https:\/\/observatoriosaludcauca.gov.co\/wp-content\/uploads\/2025\/05\/MEDICAMENTOS-1024x361.png 1024w, https:\/\/observatoriosaludcauca.gov.co\/wp-content\/uploads\/2025\/05\/MEDICAMENTOS-768x271.png 768w, https:\/\/observatoriosaludcauca.gov.co\/wp-content\/uploads\/2025\/05\/MEDICAMENTOS-1536x542.png 1536w, https:\/\/observatoriosaludcauca.gov.co\/wp-content\/uploads\/2025\/05\/MEDICAMENTOS.png 1694w\" sizes=\"(max-width: 300px) 100vw, 300px\" \/>\t\t\t\t\t\t\t\t\t\t\t\t\t\t\t<\/div>\n\t\t\t\t<\/div>\n\t\t\t\t<div class=\"elementor-element elementor-element-84e6944 elementor-widget elementor-widget-image\" data-id=\"84e6944\" data-element_type=\"widget\" data-widget_type=\"image.default\">\n\t\t\t\t<div class=\"elementor-widget-container\">\n\t\t\t\t\t\t\t\t\t\t\t\t\t\t\t<img loading=\"lazy\" decoding=\"async\" width=\"300\" height=\"106\" src=\"https:\/\/observatoriosaludcauca.gov.co\/wp-content\/uploads\/2025\/05\/ZOONOSIS-300x106.png\" class=\"attachment-medium size-medium wp-image-3513\" alt=\"\" srcset=\"https:\/\/observatoriosaludcauca.gov.co\/wp-content\/uploads\/2025\/05\/ZOONOSIS-300x106.png 300w, https:\/\/observatoriosaludcauca.gov.co\/wp-content\/uploads\/2025\/05\/ZOONOSIS-1024x361.png 1024w, https:\/\/observatoriosaludcauca.gov.co\/wp-content\/uploads\/2025\/05\/ZOONOSIS-768x271.png 768w, https:\/\/observatoriosaludcauca.gov.co\/wp-content\/uploads\/2025\/05\/ZOONOSIS-1536x542.png 1536w, https:\/\/observatoriosaludcauca.gov.co\/wp-content\/uploads\/2025\/05\/ZOONOSIS.png 1694w\" sizes=\"(max-width: 300px) 100vw, 300px\" \/>\t\t\t\t\t\t\t\t\t\t\t\t\t\t\t<\/div>\n\t\t\t\t<\/div>\n\t\t\t\t<\/div>\n\t\t\t\t<\/div>\n\t\t","protected":false},"excerpt":{"rendered":"<p>SALUD AMBIENTAL Seg\u00fan el ministerio de Salud y protecci\u00f3n social, el concepto de salud ambiental propone una reflexi\u00f3n sobre la&#8230;<\/p>\n","protected":false},"author":3,"featured_media":0,"parent":0,"menu_order":0,"comment_status":"closed","ping_status":"closed","template":"elementor_canvas","meta":{"footnotes":""},"class_list":["post-10","page","type-page","status-publish","hentry"],"_links":{"self":[{"href":"https:\/\/observatoriosaludcauca.gov.co\/index.php\/wp-json\/wp\/v2\/pages\/10","targetHints":{"allow":["GET"]}}],"collection":[{"href":"https:\/\/observatoriosaludcauca.gov.co\/index.php\/wp-json\/wp\/v2\/pages"}],"about":[{"href":"https:\/\/observatoriosaludcauca.gov.co\/index.php\/wp-json\/wp\/v2\/types\/page"}],"author":[{"embeddable":true,"href":"https:\/\/observatoriosaludcauca.gov.co\/index.php\/wp-json\/wp\/v2\/users\/3"}],"replies":[{"embeddable":true,"href":"https:\/\/observatoriosaludcauca.gov.co\/index.php\/wp-json\/wp\/v2\/comments?post=10"}],"version-history":[{"count":66,"href":"https:\/\/observatoriosaludcauca.gov.co\/index.php\/wp-json\/wp\/v2\/pages\/10\/revisions"}],"predecessor-version":[{"id":6768,"href":"https:\/\/observatoriosaludcauca.gov.co\/index.php\/wp-json\/wp\/v2\/pages\/10\/revisions\/6768"}],"wp:attachment":[{"href":"https:\/\/observatoriosaludcauca.gov.co\/index.php\/wp-json\/wp\/v2\/media?parent=10"}],"curies":[{"name":"wp","href":"https:\/\/api.w.org\/{rel}","templated":true}]}}